{"id":6464,"date":"2016-10-12T11:11:35","date_gmt":"2016-10-12T09:11:35","guid":{"rendered":"http:\/\/www2.focusontalent.eu\/fr\/?page_id=6464"},"modified":"2016-10-13T22:20:44","modified_gmt":"2016-10-13T20:20:44","slug":"disclaimer","status":"publish","type":"page","link":"https:\/\/www.focusontalent.eu\/fr\/disclaimer\/","title":{"rendered":"Disclaimer"},"content":{"rendered":"<p>[et_pb_section admin_label=&#8221;section&#8221; transparent_background=&#8221;off&#8221; allow_player_pause=&#8221;off&#8221; inner_shadow=&#8221;off&#8221; parallax=&#8221;off&#8221; parallax_method=&#8221;off&#8221; custom_padding=&#8221;20px||0px|&#8221; padding_mobile=&#8221;on&#8221; make_fullwidth=&#8221;off&#8221; use_custom_width=&#8221;off&#8221; width_unit=&#8221;on&#8221; make_equal=&#8221;off&#8221; use_custom_gutter=&#8221;off&#8221; fullwidth=&#8221;off&#8221; specialty=&#8221;off&#8221; disabled=&#8221;off&#8221; custom_padding_last_edited=&#8221;on|phone&#8221; custom_padding_phone=&#8221;40px||0px|&#8221;][et_pb_row admin_label=&#8221;row&#8221; make_fullwidth=&#8221;off&#8221; use_custom_width=&#8221;off&#8221; width_unit=&#8221;on&#8221; use_custom_gutter=&#8221;on&#8221; gutter_width=&#8221;1&#8243; custom_padding=&#8221;0px||30px|&#8221; custom_padding_tablet=&#8221;0px||0px|&#8221; padding_mobile=&#8221;on&#8221; allow_player_pause=&#8221;off&#8221; parallax=&#8221;off&#8221; parallax_method=&#8221;off&#8221; make_equal=&#8221;off&#8221; column_padding_mobile=&#8221;on&#8221; background_color_2=&#8221;rgba(255,255,255,0)&#8221; parallax_1=&#8221;off&#8221; parallax_method_1=&#8221;off&#8221; parallax_2=&#8221;off&#8221; parallax_method_2=&#8221;off&#8221; parallax_3=&#8221;off&#8221; parallax_method_3=&#8221;off&#8221; parallax_4=&#8221;off&#8221; parallax_method_4=&#8221;on&#8221; disabled=&#8221;off&#8221; custom_margin=&#8221;20px|||&#8221;][et_pb_column type=&#8221;4_4&#8243;][et_pb_text admin_label=&#8221;Tekst&#8221; background_layout=&#8221;light&#8221; text_orientation=&#8221;left&#8221; use_border_color=&#8221;off&#8221; border_style=&#8221;solid&#8221; disabled=&#8221;off&#8221; border_color=&#8221;#ffffff&#8221; custom_margin=&#8221;0px|||&#8221;]<\/p>\n<h2><strong>Disclaimer<\/strong><\/h2>\n<p>&nbsp;<\/p>\n<p>Cette page est en cours de construction.<\/p>\n<p>[\/et_pb_text][\/et_pb_column][\/et_pb_row][\/et_pb_section][et_pb_section admin_label=&#8221;Sectie&#8221; global_module=&#8221;6167&#8243; transparent_background=&#8221;off&#8221; background_color=&#8221;#eeeded&#8221; allow_player_pause=&#8221;off&#8221; inner_shadow=&#8221;off&#8221; parallax=&#8221;off&#8221; parallax_method=&#8221;off&#8221; custom_padding=&#8221;10px||10px|&#8221; padding_mobile=&#8221;off&#8221; make_fullwidth=&#8221;off&#8221; use_custom_width=&#8221;off&#8221; width_unit=&#8221;on&#8221; make_equal=&#8221;off&#8221; use_custom_gutter=&#8221;off&#8221; fullwidth=&#8221;off&#8221; specialty=&#8221;off&#8221; disabled=&#8221;off&#8221;][et_pb_row global_parent=&#8221;6167&#8243; admin_label=&#8221;Rij&#8221; make_fullwidth=&#8221;off&#8221; use_custom_width=&#8221;off&#8221; width_unit=&#8221;off&#8221; custom_width_px=&#8221;1080px&#8221; custom_width_percent=&#8221;80%&#8221; use_custom_gutter=&#8221;off&#8221; gutter_width=&#8221;3&#8243; padding_mobile=&#8221;off&#8221; allow_player_pause=&#8221;off&#8221; parallax=&#8221;off&#8221; parallax_method=&#8221;on&#8221; make_equal=&#8221;off&#8221; column_padding_mobile=&#8221;on&#8221; parallax_1=&#8221;off&#8221; parallax_method_1=&#8221;on&#8221; parallax_2=&#8221;off&#8221; parallax_method_2=&#8221;on&#8221; parallax_3=&#8221;off&#8221; parallax_method_3=&#8221;on&#8221; parallax_4=&#8221;off&#8221; parallax_method_4=&#8221;on&#8221; disabled=&#8221;off&#8221;][et_pb_column type=&#8221;2_3&#8243;][et_pb_text global_parent=&#8221;6167&#8243; admin_label=&#8221;Tekst&#8221; background_layout=&#8221;light&#8221; text_orientation=&#8221;left&#8221; use_border_color=&#8221;off&#8221; border_style=&#8221;solid&#8221; disabled=&#8221;off&#8221; border_color=&#8221;#ffffff&#8221;]<\/p>\n<p><img loading=\"lazy\" decoding=\"async\" class=\"alignnone wp-image-37\" src=\"http:\/\/www2.focusontalent.eu\/wp-content\/uploads\/2016\/09\/logo-300x84.png\" alt=\"logo\" width=\"173\" height=\"55\" \/><br \/>\nVlieghavenlaan 13<br \/>\n3140 Keerbergen<\/p>\n<p><a href=\"&#x6d;a&#x69;&#108;&#x74;&#x6f;:&#x69;&#110;&#x66;&#x6f;&#64;&#x66;&#111;&#x63;&#x75;s&#x6f;&#110;&#x74;&#x61;l&#x65;&#110;&#x74;&#x2e;e&#x75;\"> &#x69;&#110;f&#x6f;&#x40;&#102;o&#x63;&#x75;&#115;o&#x6e;&#x74;&#97;l&#x65;&#x6e;&#116;&#46;&#x65;&#117;<\/a><br \/>\n0032(0) 496 54 49 29<br \/>\n0032(0) 15 52 70 74<\/p>\n<p><a href=\"https:\/\/www.linkedin.com\/company\/focus-on-talent-bvba\" target=\"_blank\"><img loading=\"lazy\" decoding=\"async\" class=\"alignnone wp-image-5370\" src=\"http:\/\/www2.focusontalent.eu\/wp-content\/uploads\/2016\/09\/linkedin-logo_318-50643.png-300x300.jpeg\" alt=\"linkedin-logo_318-50643-png\" width=\"23\" height=\"26\" \/><\/a><\/p>\n<p>[\/et_pb_text][\/et_pb_column][et_pb_column type=&#8221;1_3&#8243;][et_pb_signup global_parent=&#8221;6167&#8243; admin_label=&#8221;E-Mail Opt-In&#8221; provider=&#8221;mailchimp&#8221; mailchimp_list=&#8221;c42b9c9567&#8243; aweber_list=&#8221;none&#8221; title=&#8221;FOCUS ON TALENT NEWSLETTER&#8221; button_text=&#8221;Signer&#8221; use_background_color=&#8221;off&#8221; background_color=&#8221;#ffffff&#8221; background_layout=&#8221;light&#8221; text_orientation=&#8221;left&#8221; form_field_background_color=&#8221;#ffffff&#8221; use_focus_border_color=&#8221;off&#8221; header_font=&#8221;|on|||&#8221; header_font_size=&#8221;13&#8243; header_font_size_last_edited=&#8221;on|&#8221; header_line_height=&#8221;1.6em&#8221; use_border_color=&#8221;off&#8221; border_color=&#8221;#ffffff&#8221; border_style=&#8221;solid&#8221; custom_button=&#8221;on&#8221; button_text_size=&#8221;18px&#8221; button_text_color=&#8221;#565656&#8243; button_border_color=&#8221;#878787&#8243; button_letter_spacing=&#8221;0&#8243; button_use_icon=&#8221;default&#8221; button_icon_placement=&#8221;right&#8221; button_on_hover=&#8221;on&#8221; button_letter_spacing_hover=&#8221;0&#8243; disabled=&#8221;off&#8221;]<\/p>\n<div>Inscrivez-vous \u00e0 notre newsletter pour recevoir nos derni\u00e8res actualit\u00e9s!<\/div>\n<p>[\/et_pb_signup][\/et_pb_column][\/et_pb_row][\/et_pb_section][et_pb_section admin_label=&#8221;Sectie&#8221; global_module=&#8221;6168&#8243; transparent_background=&#8221;off&#8221; background_color=&#8221;#818386&#8243; allow_player_pause=&#8221;off&#8221; inner_shadow=&#8221;off&#8221; parallax=&#8221;off&#8221; parallax_method=&#8221;off&#8221; custom_padding=&#8221;10px||10px|&#8221; padding_mobile=&#8221;off&#8221; make_fullwidth=&#8221;off&#8221; use_custom_width=&#8221;off&#8221; width_unit=&#8221;on&#8221; make_equal=&#8221;off&#8221; use_custom_gutter=&#8221;off&#8221; fullwidth=&#8221;off&#8221; specialty=&#8221;off&#8221; disabled=&#8221;off&#8221;][et_pb_row global_parent=&#8221;6168&#8243; admin_label=&#8221;Rij&#8221; make_fullwidth=&#8221;off&#8221; use_custom_width=&#8221;off&#8221; width_unit=&#8221;on&#8221; custom_width_px=&#8221;1080px&#8221; custom_width_percent=&#8221;80%&#8221; use_custom_gutter=&#8221;off&#8221; gutter_width=&#8221;3&#8243; custom_padding=&#8221;0px||0px|&#8221; padding_mobile=&#8221;off&#8221; allow_player_pause=&#8221;off&#8221; parallax=&#8221;off&#8221; parallax_method=&#8221;off&#8221; make_equal=&#8221;off&#8221; column_padding_mobile=&#8221;on&#8221; parallax_1=&#8221;off&#8221; parallax_method_1=&#8221;off&#8221; parallax_2=&#8221;off&#8221; parallax_method_2=&#8221;on&#8221; parallax_3=&#8221;off&#8221; parallax_method_3=&#8221;on&#8221; parallax_4=&#8221;off&#8221; parallax_method_4=&#8221;on&#8221; disabled=&#8221;off&#8221;][et_pb_column type=&#8221;4_4&#8243;][et_pb_text global_parent=&#8221;6168&#8243; admin_label=&#8221;Tekst&#8221; background_layout=&#8221;dark&#8221; text_orientation=&#8221;left&#8221; header_font_size=&#8221;24px&#8221; header_text_color=&#8221;#008990&#8243; text_font_size=&#8221;13&#8243; use_border_color=&#8221;off&#8221; border_style=&#8221;solid&#8221; custom_margin=&#8221;0px||0px|&#8221; disabled=&#8221;off&#8221; border_color=&#8221;#ffffff&#8221; module_id=&#8221;footernav&#8221;] \u00a9 Focus on Talent\u00a0\u00a0\u00a0<a href=\"..\/politique-de-confidentialite\/\">Politique de confidentialit\u00e9<\/a>\u00a0\u00a0 <a href=\"http:..\/disclaimer\/\">Disclaimer <\/a>\u00a0\u00a0<a href=\"..\/plan-de-site\/\"> Plan de site<\/a> [\/et_pb_text][\/et_pb_column][\/et_pb_row][\/et_pb_section]<\/p>\n","protected":false},"excerpt":{"rendered":"<p>Disclaimer &nbsp; Cette page est en cours de construction. Vlieghavenlaan 13 3140 Keerbergen &#105;&#x6e;&#102;&#x6f;&#64;&#x66;&#111;&#x63;&#117;&#x73;&#111;&#x6e;&#116;&#x61;&#108;&#x65;&#110;&#x74;&#46;&#x65;&#117; 0032(0) 496 54 49 29 0032(0) 15 52 70 74 Inscrivez-vous \u00e0 notre newsletter pour recevoir nos derni\u00e8res actualit\u00e9s! \u00a9 Focus on Talent\u00a0\u00a0\u00a0Politique de confidentialit\u00e9\u00a0\u00a0 Disclaimer \u00a0\u00a0 Plan de site<\/p>\n","protected":false},"author":1,"featured_media":0,"parent":0,"menu_order":8,"comment_status":"closed","ping_status":"closed","template":"","meta":{"_et_pb_use_builder":"on","_et_pb_old_content":"","_et_gb_content_width":"","footnotes":""},"_links":{"self":[{"href":"https:\/\/www.focusontalent.eu\/fr\/wp-json\/wp\/v2\/pages\/6464"}],"collection":[{"href":"https:\/\/www.focusontalent.eu\/fr\/wp-json\/wp\/v2\/pages"}],"about":[{"href":"https:\/\/www.focusontalent.eu\/fr\/wp-json\/wp\/v2\/types\/page"}],"author":[{"embeddable":true,"href":"https:\/\/www.focusontalent.eu\/fr\/wp-json\/wp\/v2\/users\/1"}],"replies":[{"embeddable":true,"href":"https:\/\/www.focusontalent.eu\/fr\/wp-json\/wp\/v2\/comments?post=6464"}],"version-history":[{"count":0,"href":"https:\/\/www.focusontalent.eu\/fr\/wp-json\/wp\/v2\/pages\/6464\/revisions"}],"wp:attachment":[{"href":"https:\/\/www.focusontalent.eu\/fr\/wp-json\/wp\/v2\/media?parent=6464"}],"curies":[{"name":"wp","href":"https:\/\/api.w.org\/{rel}","templated":true}]}}