{"id":6244,"date":"2016-10-06T22:57:42","date_gmt":"2016-10-06T20:57:42","guid":{"rendered":"http:\/\/www2.focusontalent.eu\/fr\/?page_id=6244"},"modified":"2022-10-26T14:09:06","modified_gmt":"2022-10-26T12:09:06","slug":"qui-sommes-nous","status":"publish","type":"page","link":"https:\/\/www.focusontalent.eu\/fr\/a-propos-de-focus-on-talent\/qui-sommes-nous\/","title":{"rendered":"Qui sommes-nous?"},"content":{"rendered":"<p>[et_pb_section fb_built=&#8221;1&#8243; custom_padding_last_edited=&#8221;on|desktop&#8221; disabled_on=&#8221;off|off|off&#8221; _builder_version=&#8221;4.16&#8243; background_color=&#8221;#002559&#8243; background_image=&#8221;\/\/i0.wp.com\/focusontalent.eu\/wp-content\/uploads\/2021\/10\/Gecomprimeerd-Vincent-van-Gogh-Irises_The-Metropolitan-Museum-of-Art-scaled.jpg&#8221; custom_padding=&#8221;0px|0px|0px|0px&#8221; custom_padding_tablet=&#8221;0px|0px||0px&#8221; custom_padding_phone=&#8221;&#8221; custom_css_main_element=&#8221;margin: 0;||padding: 0;&#8221; transparent_background=&#8221;off&#8221; padding_mobile=&#8221;off&#8221; make_fullwidth=&#8221;off&#8221; use_custom_width=&#8221;off&#8221; width_unit=&#8221;on&#8221; custom_width_px=&#8221;1080px&#8221; custom_width_percent=&#8221;80%&#8221; locked=&#8221;off&#8221; global_colors_info=&#8221;{}&#8221;][et_pb_row column_structure=&#8221;1_2,1_2&#8243; padding_mobile=&#8221;on&#8221; make_equal=&#8221;on&#8221; column_padding_mobile=&#8221;off&#8221; _builder_version=&#8221;4.16&#8243; background_enable_image=&#8221;off&#8221; parallax=&#8221;on&#8221; width=&#8221;100%&#8221; custom_padding=&#8221;0px|0px|0px|0px&#8221; custom_css_main_element=&#8221;background-repeat: no-repeat;||border-left: 8px solid#fff;||padding: 0px;||&#8221; make_fullwidth=&#8221;off&#8221; use_custom_width=&#8221;off&#8221; width_unit=&#8221;on&#8221; custom_width_px=&#8221;1080px&#8221; custom_width_percent=&#8221;80%&#8221; global_colors_info=&#8221;{}&#8221;][et_pb_column type=&#8221;1_2&#8243; _builder_version=&#8221;4.16&#8243; custom_padding=&#8221;|||&#8221; global_colors_info=&#8221;{}&#8221; custom_padding__hover=&#8221;|||&#8221;][et_pb_text _builder_version=&#8221;4.16&#8243; background_color=&#8221;RGBA(0,0,0,0)&#8221; use_background_color_gradient=&#8221;on&#8221; background_color_gradient_type=&#8221;circular&#8221; background_color_gradient_direction_radial=&#8221;top left&#8221; background_color_gradient_stops=&#8221;#002559 0%|#007cc4 100%&#8221; background_color_gradient_overlays_image=&#8221;on&#8221; background_color_gradient_start=&#8221;#002559&#8243; background_color_gradient_end=&#8221;#007cc4&#8243; background_size=&#8221;initial&#8221; background_position=&#8221;top_left&#8221; background_repeat=&#8221;repeat&#8221; background_layout=&#8221;dark&#8221; module_alignment=&#8221;left&#8221; custom_padding=&#8221;80px|60px|80px|60px|true|true&#8221; custom_padding_tablet=&#8221;30px|60px|30px|60px|true|true&#8221; custom_padding_phone=&#8221;30px|50px|30px|50px|true|true&#8221; custom_padding_last_edited=&#8221;on|desktop&#8221; border_color_all=&#8221;RGBA(0,0,0,0)&#8221; border_style_all=&#8221;none&#8221; use_border_color=&#8221;off&#8221; border_style=&#8221;solid&#8221; global_colors_info=&#8221;{}&#8221;]<\/p>\n<h3 style=\"text-align: left;\"><strong>FOCUS ON TALENT<\/strong><\/h3>\n<h1 style=\"text-align: left;\">Recruitment solutions for<br \/>Life Sciences and Health Care<\/h1>\n<p>[\/et_pb_text][\/et_pb_column][et_pb_column type=&#8221;1_2&#8243; _builder_version=&#8221;4.16&#8243; custom_padding=&#8221;|||&#8221; global_colors_info=&#8221;{}&#8221; custom_padding__hover=&#8221;|||&#8221;][\/et_pb_column][\/et_pb_row][\/et_pb_section][et_pb_section fb_built=&#8221;1&#8243; custom_padding_last_edited=&#8221;on|phone&#8221; admin_label=&#8221;section&#8221; _builder_version=&#8221;4.16&#8243; custom_padding=&#8221;20px||0px|&#8221; custom_padding_tablet=&#8221;20px||0px|&#8221; custom_padding_phone=&#8221;40px||0px|&#8221; padding_mobile=&#8221;on&#8221; global_colors_info=&#8221;{}&#8221;][et_pb_row _builder_version=&#8221;4.16&#8243; _module_preset=&#8221;default&#8221; global_colors_info=&#8221;{}&#8221;][et_pb_column type=&#8221;4_4&#8243; _builder_version=&#8221;4.16&#8243; _module_preset=&#8221;default&#8221; global_colors_info=&#8221;{}&#8221;][et_pb_text _builder_version=&#8221;4.16&#8243; _module_preset=&#8221;default&#8221; global_colors_info=&#8221;{}&#8221;]<\/p>\n<h1 style=\"text-align: center;\">Focus on Talent \u2013 <strong>Votre Boutique Executive Search Agency<\/strong><br \/>qui se concentre sur plus que le talent<\/h1>\n<p>[\/et_pb_text][\/et_pb_column][\/et_pb_row][et_pb_row padding_mobile=&#8221;off&#8221; column_padding_mobile=&#8221;on&#8221; admin_label=&#8221;row&#8221; _builder_version=&#8221;4.16&#8243; background_size=&#8221;initial&#8221; background_position=&#8221;top_left&#8221; background_repeat=&#8221;repeat&#8221; custom_padding=&#8221;10px||0px|&#8221; custom_padding_tablet=&#8221;0px||0px|&#8221; make_fullwidth=&#8221;off&#8221; use_custom_width=&#8221;off&#8221; width_unit=&#8221;on&#8221; custom_width_px=&#8221;1080px&#8221; custom_width_percent=&#8221;80%&#8221; locked=&#8221;off&#8221; global_colors_info=&#8221;{}&#8221;][et_pb_column type=&#8221;4_4&#8243; _builder_version=&#8221;4.16&#8243; custom_padding=&#8221;|||&#8221; global_colors_info=&#8221;{}&#8221; custom_padding__hover=&#8221;|||&#8221;][et_pb_divider show_divider=&#8221;off&#8221; disabled_on=&#8221;off&#8221; _builder_version=&#8221;4.16&#8243; height=&#8221;2px&#8221; custom_css_main_element=&#8221;max-width: 70px;||margin: 0 auto;||width: 50%;||padding:0;&#8221; hide_on_mobile=&#8221;off&#8221; global_colors_info=&#8221;{}&#8221;][\/et_pb_divider][\/et_pb_column][\/et_pb_row][et_pb_row use_custom_gutter=&#8221;on&#8221; gutter_width=&#8221;1&#8243; padding_mobile=&#8221;on&#8221; column_padding_mobile=&#8221;on&#8221; admin_label=&#8221;row&#8221; _builder_version=&#8221;4.16&#8243; background_size=&#8221;initial&#8221; background_position=&#8221;top_left&#8221; background_repeat=&#8221;repeat&#8221; custom_margin=&#8221;20px|||&#8221; custom_padding=&#8221;0px||30px|&#8221; custom_padding_tablet=&#8221;0px||0px|&#8221; global_colors_info=&#8221;{}&#8221;][et_pb_column type=&#8221;4_4&#8243; _builder_version=&#8221;4.16&#8243; custom_padding=&#8221;|||&#8221; global_colors_info=&#8221;{}&#8221; custom_padding__hover=&#8221;|||&#8221;][et_pb_text admin_label=&#8221;Tekst&#8221; _builder_version=&#8221;4.16&#8243; background_size=&#8221;initial&#8221; background_position=&#8221;top_left&#8221; background_repeat=&#8221;repeat&#8221; custom_margin=&#8221;0px|||&#8221; global_colors_info=&#8221;{}&#8221;]<\/p>\n<h2><strong>Qui nous sommes<\/strong><\/h2>\n<p style=\"text-align: justify;\">La passion des gens, la volont\u00e9 de voir les entreprises r\u00e9ussir, tels sont nos moteurs, jour apr\u00e8s jour. Focus on Talent aide votre organisation \u00e0 progresser en s\u00e9lectionnant, recrutant et \u00e9valuant vos cadres. Nous croyons que <strong>l&#8217;humain est la pierre angulaire de la croissance et de la r\u00e9ussite<\/strong>.<\/p>\n<p style=\"text-align: justify;\">Notre objectif consiste \u00e0 trouver le bon candidat pour vous, tant pour des emplois permanents que temporaires. Nous recherchons un talent qui ait non seulement les connaissances et les comp\u00e9tences requises pour le poste, mais aussi une personnalit\u00e9 et des aspirations qui correspondent \u00e0 la culture de votre entreprise. Nous voulons trouver la bonne personne, de la mani\u00e8re la plus efficace possible.<\/p>\n<p style=\"text-align: justify;\">Pour ce faire, notre \u00e9quipe s\u2019appuie sur son int\u00e9r\u00eat naturel pour le capital humain, sur sa solide expertise en <a href=\"https:\/\/www.focusontalent.eu\/fr\/nos-services\/recrutement\/\">S\u00e9lection et Recrutement<\/a>, sur ses nombreuses ann\u00e9es d&#8217;exp\u00e9rience en Sciences de la Vie et en Soins de Sant\u00e9, sur notre vaste r\u00e9seau et sur nos m\u00e9thodes d&#8217;<a href=\"https:\/\/www.focusontalent.eu\/fr\/nos-services\/assessment-et-development-centres\/\">\u00c9valuation<\/a> bas\u00e9es sur la recherche scientifique.<\/p>\n<p style=\"text-align: justify;\">Nous voulons \u00eatre plus qu&#8217;un simple fournisseur de personnel: nous sommes <strong>votre partenaire pour tous vos besoins de talents<\/strong>. Afin d\u2019\u00e9tablir des relations \u00e0 long terme, nous recherchons toujours la plus haute qualit\u00e9 pour nos processus de <a href=\"https:\/\/www.focusontalent.eu\/fr\/nos-services\/recrutement\/\">S\u00e9lection et Recrutement<\/a>, d&#8217;<a href=\"https:\/\/www.focusontalent.eu\/fr\/nos-services\/interim-management\/\">Int\u00e9rim Management<\/a>, et d&#8217;<a href=\"https:\/\/www.focusontalent.eu\/fr\/nos-services\/assessment-et-development-centres\/\">\u00c9valuation et D\u00e9veloppement<\/a>.<\/p>\n<h2><strong>Notre \u00e9quipe<\/strong><\/h2>\n<p style=\"text-align: justify;\">La comp\u00e9tence des employ\u00e9s fait la force de Focus on Talent. L\u2019exp\u00e9rience acquise au fil de nombreuses ann\u00e9es constitue le fondement de son expertise et de son vaste r\u00e9seau dans le secteur.<\/p>\n<p>[\/et_pb_text][\/et_pb_column][\/et_pb_row][et_pb_row column_structure=&#8221;1_2,1_2&#8243; _builder_version=&#8221;4.16&#8243; _module_preset=&#8221;default&#8221; global_colors_info=&#8221;{}&#8221;][et_pb_column type=&#8221;1_2&#8243; _builder_version=&#8221;4.16&#8243; _module_preset=&#8221;default&#8221; global_colors_info=&#8221;{}&#8221;][et_pb_image src=&#8221;\/\/i0.wp.com\/focusontalent.eu\/wp-content\/uploads\/2021\/10\/Mimi-Augustijnen.jpg&#8221; alt=&#8221;Assessment &#038; Development Centres &#8211; Life Sciences &#038; Healthcare&#8221; title_text=&#8221;Mimi Augustijnen&#8221; _builder_version=&#8221;4.16&#8243; _module_preset=&#8221;default&#8221; global_colors_info=&#8221;{}&#8221;][\/et_pb_image][\/et_pb_column][et_pb_column type=&#8221;1_2&#8243; _builder_version=&#8221;4.16&#8243; _module_preset=&#8221;default&#8221; global_colors_info=&#8221;{}&#8221;][et_pb_image src=&#8221;https:\/\/www.focusontalent.eu\/wp-content\/uploads\/2021\/10\/Bert-Houben-gecomprimeerd.jpg&#8221; alt=&#8221;Recruitment &#038; Selection &#8211; Life Sciences &#038; Healthcare&#8221; title_text=&#8221;Bert Houben&#8221; _builder_version=&#8221;4.18.0&#8243; _module_preset=&#8221;default&#8221; hover_enabled=&#8221;0&#8243; global_colors_info=&#8221;{}&#8221; sticky_enabled=&#8221;0&#8243;][\/et_pb_image][\/et_pb_column][\/et_pb_row][et_pb_row _builder_version=&#8221;4.16&#8243; _module_preset=&#8221;default&#8221; global_colors_info=&#8221;{}&#8221;][et_pb_column type=&#8221;4_4&#8243; _builder_version=&#8221;4.16&#8243; _module_preset=&#8221;default&#8221; global_colors_info=&#8221;{}&#8221;][et_pb_text _builder_version=&#8221;4.16&#8243; _module_preset=&#8221;default&#8221; global_colors_info=&#8221;{}&#8221;]<\/p>\n<h3>\u00a0<\/h3>\n<h3><strong>Mimi Augustijnen<\/strong><\/h3>\n<p><strong>Vingt ans d\u2019exp\u00e9rience dans les Sciences de la Vie et les Soins de Sant\u00e9<\/strong>, tant sur le plan national qu\u2019international, ont donn\u00e9 \u00e0 Mimi une connaissance approfondie du secteur et de ses acteurs. Elle dispose d\u2019une excellente vision des comp\u00e9tences indispensables \u00e0 diverses fonctions. Un int\u00e9r\u00eat inn\u00e9 pour le capital humain combin\u00e9 \u00e0 <strong>une formation acad\u00e9mique en psychologie<\/strong> lui permet de fournir tr\u00e8s rapidement des r\u00e9sultats de qualit\u00e9. Des stages compl\u00e9mentaires gardent continuellement Mimi au courant des derni\u00e8res techniques, qui la qualifient pour les <a href=\"https:\/\/www.focusontalent.eu\/fr\/nos-services\/assessment-et-development-centres\/\">Centres d\u2019\u00c9valuation et de Formation<\/a>. En tant que <strong>Directrice Partenaire de Focus on Talent<\/strong>, Mimi aide les organisations du milieu des sciences de la vie \u00e0 trouver les justes personnes pour renforcer leur \u00e9quipe.<\/p>\n<p>&nbsp;<\/p>\n<h3><strong>Bert Houben<\/strong><\/h3>\n<p><strong>Ing\u00e9nieur civil de formation et d\u00e9tenteur d\u2019un MBA<\/strong>, Bert a travaill\u00e9 <strong>plus de vingt ans comme Directeur dans l\u2019industrie High Tech<\/strong>, et ceci autant sur le plan national qu\u2019international. Cette exp\u00e9rience lui a donn\u00e9 la connaissance et les comp\u00e9tences dont Bert dispose maintenant en tant que <strong>Directeur Partenaire de Focus on Talent<\/strong>. Il est responsable de la gestion de l\u2019administratif, ainsi que de <a href=\"https:\/\/www.focusontalent.eu\/fr\/nos-services\/recrutement\/\">la S\u00e9lection et le Recrutement<\/a>.<\/p>\n<p>&nbsp;<\/p>\n<h3><strong>L\u2019\u00e9quipe de Soutien et Evaluateurs Externes<\/strong><\/h3>\n<p>Quelques <strong>consultants et collaborateurs sp\u00e9cialis\u00e9s<\/strong> prennent en charge le quotidien de notre core business. Ils veillent au bon d\u00e9roulement des t\u00e2ches administratives. En plus,\u00a0Focus on Talent travaille avec des <strong>\u00e9valuateurs externes certifi\u00e9s<\/strong>. Ils ont rejoint notre \u00e9quipe d\u2019\u00e9valuateurs qualifi\u00e9s pour assurer le bon d\u00e9roulement du travail des <a href=\"https:\/\/www.focusontalent.eu\/fr\/nos-services\/assessment-et-development-centres\/\">Centres d\u2019\u00c9valuation et de Formation<\/a> de mani\u00e8re qualitative et efficiente.<\/p>\n<p>&nbsp;<\/p>\n<p>[\/et_pb_text][\/et_pb_column][\/et_pb_row][\/et_pb_section][et_pb_section fb_built=&#8221;1&#8243; custom_padding_last_edited=&#8221;on|desktop&#8221; admin_label=&#8221;Sectie&#8221; _builder_version=&#8221;3.22&#8243; background_color=&#8221;#eeeded&#8221; custom_padding=&#8221;10px||10px|&#8221; custom_padding_tablet=&#8221;50px|0|50px|0&#8243; custom_padding_phone=&#8221;&#8221; transparent_background=&#8221;off&#8221; padding_mobile=&#8221;off&#8221; make_fullwidth=&#8221;off&#8221; use_custom_width=&#8221;off&#8221; width_unit=&#8221;on&#8221; global_module=&#8221;6167&#8243; global_colors_info=&#8221;{}&#8221;][et_pb_row column_structure=&#8221;2_3,1_3&#8243; padding_mobile=&#8221;off&#8221; column_padding_mobile=&#8221;on&#8221; _builder_version=&#8221;4.16&#8243; background_size=&#8221;initial&#8221; background_position=&#8221;top_left&#8221; background_repeat=&#8221;repeat&#8221; make_fullwidth=&#8221;off&#8221; use_custom_width=&#8221;off&#8221; width_unit=&#8221;off&#8221; custom_width_px=&#8221;1080px&#8221; custom_width_percent=&#8221;80%&#8221; global_colors_info=&#8221;{}&#8221;][et_pb_column type=&#8221;2_3&#8243; _builder_version=&#8221;4.16&#8243; custom_padding=&#8221;|||&#8221; global_colors_info=&#8221;{}&#8221; custom_padding__hover=&#8221;|||&#8221;][et_pb_text _builder_version=&#8221;4.16&#8243; background_size=&#8221;initial&#8221; background_position=&#8221;top_left&#8221; background_repeat=&#8221;repeat&#8221; use_border_color=&#8221;off&#8221; border_color=&#8221;#ffffff&#8221; border_style=&#8221;solid&#8221; global_colors_info=&#8221;{}&#8221;]<\/p>\n<p><img loading=\"lazy\" decoding=\"async\" class=\"alignnone wp-image-37\" src=\"https:\/\/www.focusontalent.eu\/wp-content\/uploads\/2016\/09\/logo-300x84.png\" alt=\"logo\" width=\"173\" height=\"55\" \/><br \/>Vlieghavenlaan 13<br \/>3140 Keerbergen<\/p>\n<p>[\/et_pb_text][\/et_pb_column][et_pb_column type=&#8221;1_3&#8243; _builder_version=&#8221;4.16&#8243; custom_padding=&#8221;|||&#8221; global_colors_info=&#8221;{}&#8221; custom_padding__hover=&#8221;|||&#8221;][et_pb_text _builder_version=&#8221;4.16&#8243; _module_preset=&#8221;default&#8221; global_colors_info=&#8221;{}&#8221;]<\/p>\n<p><a href=\"m&#97;&#x69;&#x6c;&#x74;o&#58;&#x69;&#x6e;&#x66;o&#64;&#x66;&#x6f;&#x63;u&#115;&#x6f;&#x6e;&#x74;a&#108;&#x65;&#x6e;&#x74;&#46;&#101;&#x75;\">&#x69;&#x6e;&#102;&#111;&#64;&#x66;&#x6f;&#x63;&#117;so&#x6e;&#x74;&#97;&#108;e&#x6e;&#x74;&#x2e;&#101;u<br \/><\/a>0032(0) 496 54 49 29<br \/>0032(0) 15 52 70 74<\/p>\n<p>[\/et_pb_text][et_pb_social_media_follow _builder_version=&#8221;4.16&#8243; global_colors_info=&#8221;{}&#8221;][et_pb_social_media_follow_network social_network=&#8221;linkedin&#8221; url=&#8221;https:\/\/www.linkedin.com\/company\/focus-on-talent-bvba\/&#8221; _builder_version=&#8221;4.16&#8243; background_color=&#8221;#000000&#8243; background_enable_color=&#8221;on&#8221; global_colors_info=&#8221;{}&#8221; follow_button=&#8221;off&#8221; url_new_window=&#8221;on&#8221;]linkedin[\/et_pb_social_media_follow_network][et_pb_social_media_follow_network social_network=&#8221;facebook&#8221; url=&#8221;https:\/\/www.facebook.com\/Focus-on-Talent-580592002113579\/&#8221; _builder_version=&#8221;4.16&#8243; background_color=&#8221;#000000&#8243; background_enable_color=&#8221;on&#8221; global_colors_info=&#8221;{}&#8221; follow_button=&#8221;off&#8221; url_new_window=&#8221;on&#8221;]facebook[\/et_pb_social_media_follow_network][\/et_pb_social_media_follow][\/et_pb_column][\/et_pb_row][\/et_pb_section][et_pb_section fb_built=&#8221;1&#8243; custom_padding_last_edited=&#8221;on|desktop&#8221; admin_label=&#8221;Sectie&#8221; _builder_version=&#8221;3.22&#8243; background_color=&#8221;#818386&#8243; custom_padding=&#8221;10px||10px|&#8221; custom_padding_tablet=&#8221;50px|0|50px|0&#8243; custom_padding_phone=&#8221;&#8221; transparent_background=&#8221;off&#8221; padding_mobile=&#8221;off&#8221; make_fullwidth=&#8221;off&#8221; use_custom_width=&#8221;off&#8221; width_unit=&#8221;on&#8221; global_module=&#8221;6168&#8243; global_colors_info=&#8221;{}&#8221;][et_pb_row padding_mobile=&#8221;off&#8221; column_padding_mobile=&#8221;on&#8221; _builder_version=&#8221;4.16&#8243; background_size=&#8221;initial&#8221; background_position=&#8221;top_left&#8221; background_repeat=&#8221;repeat&#8221; custom_padding=&#8221;0px||0px|&#8221; make_fullwidth=&#8221;off&#8221; use_custom_width=&#8221;off&#8221; width_unit=&#8221;on&#8221; custom_width_px=&#8221;1080px&#8221; custom_width_percent=&#8221;80%&#8221; global_colors_info=&#8221;{}&#8221;][et_pb_column type=&#8221;4_4&#8243; _builder_version=&#8221;4.16&#8243; custom_padding=&#8221;|||&#8221; global_colors_info=&#8221;{}&#8221; custom_padding__hover=&#8221;|||&#8221;][et_pb_text module_id=&#8221;footernav&#8221; _builder_version=&#8221;4.16&#8243; text_font_size=&#8221;13&#8243; header_text_color=&#8221;#008990&#8243; header_font_size=&#8221;24px&#8221; background_size=&#8221;initial&#8221; background_position=&#8221;top_left&#8221; background_repeat=&#8221;repeat&#8221; background_layout=&#8221;dark&#8221; custom_margin=&#8221;0px||0px|&#8221; use_border_color=&#8221;off&#8221; border_color=&#8221;#ffffff&#8221; border_style=&#8221;solid&#8221; global_colors_info=&#8221;{}&#8221;]<\/p>\n<p>\u00a9 Focus on Talent\u00a0\u00a0\u00a0<a href=\"https:\/\/www.focusontalent.eu\/fr\/politique-de-confidentialite\/\">Politique de confidentialit\u00e9<\/a>\u00a0\u00a0 <a href=\"https:\/\/www.focusontalent.eu\/fr\/disclaimer\/\">Disclaimer<\/a> \u00a0\u00a0 <a href=\"https:\/\/www.focusontalent.eu\/fr\/plan-de-site\/\">Plan de site<\/a><\/p>\n<p>[\/et_pb_text][\/et_pb_column][\/et_pb_row][\/et_pb_section]<\/p>\n","protected":false},"excerpt":{"rendered":"<p>Recruitment solutions for Life Sciences and Health Care. Focus on Talent \u2013 Votre Boutique Executive Search Agency qui se concentre sur plus que le talent. Nous voulons \u00eatre plus qu\u2019un simple fournisseur de personnel: nous sommes votre partenaire pour tous vos besoins de talents en Sciences de la Vie et Soins de Sant\u00e9. Afin d\u2019\u00e9tablir des relations \u00e0 long terme, nous recherchons toujours la plus haute qualit\u00e9 pour nos processus de S\u00e9lection et Recrutement, d\u2019Int\u00e9rim Management, et d\u2019\u00c9valuation et D\u00e9veloppement.<\/p>\n","protected":false},"author":1,"featured_media":0,"parent":6242,"menu_order":1,"comment_status":"closed","ping_status":"closed","template":"","meta":{"_et_pb_use_builder":"on","_et_pb_old_content":"","_et_gb_content_width":"","footnotes":""},"_links":{"self":[{"href":"https:\/\/www.focusontalent.eu\/fr\/wp-json\/wp\/v2\/pages\/6244"}],"collection":[{"href":"https:\/\/www.focusontalent.eu\/fr\/wp-json\/wp\/v2\/pages"}],"about":[{"href":"https:\/\/www.focusontalent.eu\/fr\/wp-json\/wp\/v2\/types\/page"}],"author":[{"embeddable":true,"href":"https:\/\/www.focusontalent.eu\/fr\/wp-json\/wp\/v2\/users\/1"}],"replies":[{"embeddable":true,"href":"https:\/\/www.focusontalent.eu\/fr\/wp-json\/wp\/v2\/comments?post=6244"}],"version-history":[{"count":23,"href":"https:\/\/www.focusontalent.eu\/fr\/wp-json\/wp\/v2\/pages\/6244\/revisions"}],"predecessor-version":[{"id":31231,"href":"https:\/\/www.focusontalent.eu\/fr\/wp-json\/wp\/v2\/pages\/6244\/revisions\/31231"}],"up":[{"embeddable":true,"href":"https:\/\/www.focusontalent.eu\/fr\/wp-json\/wp\/v2\/pages\/6242"}],"wp:attachment":[{"href":"https:\/\/www.focusontalent.eu\/fr\/wp-json\/wp\/v2\/media?parent=6244"}],"curies":[{"name":"wp","href":"https:\/\/api.w.org\/{rel}","templated":true}]}}