{"id":6237,"date":"2016-10-06T22:45:37","date_gmt":"2016-10-06T20:45:37","guid":{"rendered":"http:\/\/www2.focusontalent.eu\/fr\/?page_id=6237"},"modified":"2021-10-15T11:03:52","modified_gmt":"2021-10-15T09:03:52","slug":"palmares","status":"publish","type":"page","link":"https:\/\/www.focusontalent.eu\/fr\/a-propos-de-focus-on-talent\/palmares\/","title":{"rendered":"Notre palmar\u00e8s"},"content":{"rendered":"<p>[et_pb_section fb_built=&#8221;1&#8243; custom_padding_last_edited=&#8221;on|desktop&#8221; disabled_on=&#8221;off|off|off&#8221; _builder_version=&#8221;4.11.2&#8243; background_color=&#8221;#0a82aa&#8221; background_image=&#8221;https:\/\/www.focusontalent.eu\/wp-content\/uploads\/2021\/10\/Gecomprimeerd-Vincent-van-Gogh-Field-with-Cypresses_The-Metropolitan-Museum-of-Art-scaled.jpg&#8221; background_size=&#8221;initial&#8221; background_position=&#8221;center_left&#8221; custom_padding=&#8221;0px|0px|0px|0px&#8221; custom_padding_tablet=&#8221;0px|0px||0px&#8221; custom_padding_phone=&#8221;&#8221; hover_enabled=&#8221;0&#8243; custom_css_main_element=&#8221;margin: 0;||padding: 0;&#8221; transparent_background=&#8221;off&#8221; padding_mobile=&#8221;off&#8221; make_fullwidth=&#8221;off&#8221; use_custom_width=&#8221;off&#8221; width_unit=&#8221;on&#8221; custom_width_px=&#8221;1080px&#8221; custom_width_percent=&#8221;80%&#8221; locked=&#8221;off&#8221; global_colors_info=&#8221;{}&#8221; alt=&#8221;Recruitment &#8211; Assessment &#038; Development Centres &#8211; Life Sciences &#038; Health Care&#8221; title_text=&#8221;Gecomprimeerd &#8211; Vincent van Gogh, Field with Cypresses_The Metropolitan Museum of Art&#8221; sticky_enabled=&#8221;0&#8243;][et_pb_row column_structure=&#8221;3_5,2_5&#8243; padding_mobile=&#8221;on&#8221; make_equal=&#8221;on&#8221; column_padding_mobile=&#8221;off&#8221; _builder_version=&#8221;4.9.10&#8243; background_enable_image=&#8221;off&#8221; parallax=&#8221;on&#8221; width=&#8221;100%&#8221; custom_padding=&#8221;0px|0px|0px|0px&#8221; custom_css_main_element=&#8221;background-repeat: no-repeat;||border-left: 8px solid#fff;||padding: 0px;||&#8221; make_fullwidth=&#8221;off&#8221; use_custom_width=&#8221;off&#8221; width_unit=&#8221;on&#8221; custom_width_px=&#8221;1080px&#8221; custom_width_percent=&#8221;80%&#8221; global_colors_info=&#8221;{}&#8221;][et_pb_column type=&#8221;3_5&#8243; _builder_version=&#8221;3.0.47&#8243; custom_padding=&#8221;|||&#8221; global_colors_info=&#8221;{}&#8221; custom_padding__hover=&#8221;|||&#8221;][et_pb_text _builder_version=&#8221;4.9.11&#8243; background_color=&#8221;RGBA(0,0,0,0)&#8221; use_background_color_gradient=&#8221;on&#8221; background_color_gradient_start=&#8221;#0a82aa&#8221; background_color_gradient_end=&#8221;#0dade2&#8243; background_color_gradient_type=&#8221;radial&#8221; background_color_gradient_direction_radial=&#8221;top left&#8221; background_color_gradient_overlays_image=&#8221;on&#8221; background_size=&#8221;initial&#8221; background_position=&#8221;top_left&#8221; background_repeat=&#8221;repeat&#8221; background_layout=&#8221;dark&#8221; module_alignment=&#8221;left&#8221; custom_padding=&#8221;50px|60px||60px|false|true&#8221; custom_padding_tablet=&#8221;30px|0px|0px|60px&#8221; custom_padding_phone=&#8221;30px|0px|0px|50px|false|false&#8221; custom_padding_last_edited=&#8221;on|desktop&#8221; border_color_all=&#8221;RGBA(0,0,0,0)&#8221; border_style_all=&#8221;none&#8221; use_border_color=&#8221;off&#8221; border_style=&#8221;solid&#8221; global_colors_info=&#8221;{}&#8221;]<\/p>\n<p><em><strong>&#8220;I have been working together with Focus on Talent for many years. For every position they feel perfectly which profiles I am looking for. The search runs very transparently, with a clear and fast follow up. In addition, the assessments provide a very clear and accurate analysis of the personality of the candidate, with a recommendation whether the candidate fits the position and the organizational culture.&#8221; <\/strong> <\/em><\/p>\n<p><strong>\u2013 Managing Director, Pharma \u2013<\/strong><\/p>\n<p>&nbsp;<\/p>\n<p>[\/et_pb_text][\/et_pb_column][et_pb_column type=&#8221;2_5&#8243; _builder_version=&#8221;3.0.47&#8243; custom_padding=&#8221;|||&#8221; global_colors_info=&#8221;{}&#8221; custom_padding__hover=&#8221;|||&#8221;][\/et_pb_column][\/et_pb_row][\/et_pb_section][et_pb_section fb_built=&#8221;1&#8243; admin_label=&#8221;section&#8221; _builder_version=&#8221;3.22&#8243; custom_padding=&#8221;0px||0px|&#8221; custom_padding_tablet=&#8221;0px||0px|&#8221; transparent_background=&#8221;off&#8221; padding_mobile=&#8221;on&#8221; make_fullwidth=&#8221;off&#8221; use_custom_width=&#8221;off&#8221; width_unit=&#8221;on&#8221; custom_width_px=&#8221;1080px&#8221; custom_width_percent=&#8221;80%&#8221; global_colors_info=&#8221;{}&#8221;][et_pb_row use_custom_gutter=&#8221;on&#8221; gutter_width=&#8221;1&#8243; column_padding_mobile=&#8221;on&#8221; custom_padding_last_edited=&#8221;on|phone&#8221; admin_label=&#8221;row&#8221; _builder_version=&#8221;3.25&#8243; background_size=&#8221;initial&#8221; background_position=&#8221;top_left&#8221; background_repeat=&#8221;repeat&#8221; custom_padding=&#8221;40px|150px|30px|150px&#8221; custom_padding_tablet=&#8221;40px|70px|30px|70px&#8221; custom_padding_phone=&#8221;40px|0px|30px|0px&#8221; global_colors_info=&#8221;{}&#8221;][et_pb_column type=&#8221;4_4&#8243; _builder_version=&#8221;3.25&#8243; custom_padding=&#8221;|||&#8221; global_colors_info=&#8221;{}&#8221; custom_padding__hover=&#8221;|||&#8221;][et_pb_text _builder_version=&#8221;4.9.10&#8243; background_size=&#8221;initial&#8221; background_position=&#8221;top_left&#8221; background_repeat=&#8221;repeat&#8221; text_orientation=&#8221;center&#8221; module_alignment=&#8221;center&#8221; use_border_color=&#8221;off&#8221; border_color=&#8221;#ffffff&#8221; border_style=&#8221;solid&#8221; global_colors_info=&#8221;{}&#8221;]<\/p>\n<h1 style=\"text-align: center;\"><strong>Focus on Track Record<\/strong> \u2013 Votre partenaire de confiance pour <strong>des Solutions de Recrutement en<br \/><\/strong><strong>Life Sciences et Health Care<\/strong><\/h1>\n<p>[\/et_pb_text][\/et_pb_column][\/et_pb_row][et_pb_row padding_mobile=&#8221;off&#8221; column_padding_mobile=&#8221;on&#8221; admin_label=&#8221;row&#8221; _builder_version=&#8221;3.25&#8243; background_size=&#8221;initial&#8221; background_position=&#8221;top_left&#8221; background_repeat=&#8221;repeat&#8221; custom_padding=&#8221;10px||0px|&#8221; custom_padding_tablet=&#8221;0px||0px|&#8221; make_fullwidth=&#8221;off&#8221; use_custom_width=&#8221;off&#8221; width_unit=&#8221;on&#8221; custom_width_px=&#8221;1080px&#8221; custom_width_percent=&#8221;80%&#8221; global_colors_info=&#8221;{}&#8221;][et_pb_column type=&#8221;4_4&#8243; _builder_version=&#8221;3.25&#8243; custom_padding=&#8221;|||&#8221; global_colors_info=&#8221;{}&#8221; custom_padding__hover=&#8221;|||&#8221;][et_pb_divider show_divider=&#8221;off&#8221; disabled_on=&#8221;off&#8221; _builder_version=&#8221;4.9.10&#8243; height=&#8221;2px&#8221; custom_css_main_element=&#8221;max-width: 70px;||margin: 0 auto;||width: 50%;||padding:0;&#8221; hide_on_mobile=&#8221;off&#8221; global_colors_info=&#8221;{}&#8221;][\/et_pb_divider][\/et_pb_column][\/et_pb_row][et_pb_row padding_mobile=&#8221;off&#8221; column_padding_mobile=&#8221;on&#8221; _builder_version=&#8221;3.25&#8243; background_size=&#8221;initial&#8221; background_position=&#8221;top_left&#8221; background_repeat=&#8221;repeat&#8221; custom_padding=&#8221;||30px|&#8221; make_fullwidth=&#8221;off&#8221; use_custom_width=&#8221;off&#8221; width_unit=&#8221;on&#8221; global_colors_info=&#8221;{}&#8221;][et_pb_column type=&#8221;4_4&#8243; _builder_version=&#8221;3.25&#8243; custom_padding=&#8221;|||&#8221; global_colors_info=&#8221;{}&#8221; custom_padding__hover=&#8221;|||&#8221;][et_pb_text _builder_version=&#8221;4.9.10&#8243; background_size=&#8221;initial&#8221; background_position=&#8221;top_left&#8221; background_repeat=&#8221;repeat&#8221; module_alignment=&#8221;left&#8221; use_border_color=&#8221;off&#8221; border_color=&#8221;#ffffff&#8221; border_style=&#8221;solid&#8221; global_colors_info=&#8221;{}&#8221;]<\/p>\n<p style=\"text-align: justify;\"><em>Au fil des ann\u00e9es, Focus on Talent s&#8217;est b\u00e2ti un palmar\u00e8s ind\u00e9niable de <strong>clients nationaux et internationaux satisfaits et fid\u00e8les<\/strong> dans le secteur des Sciences de la Vie et des Soins de Sant\u00e9.<\/em><\/p>\n<p>&nbsp;<\/p>\n<h2><strong>Secteurs et fonctions<\/strong><\/h2>\n<p>En tant que Boutique Executive Search Agency, nous nous concentrons sur les solutions de Recrutement pour les Sciences de la Vie et les Soins de Sant\u00e9. Nous travaillons pour des entreprises de divers secteurs, notamment <strong>des Soci\u00e9t\u00e9s Pharmaceutiques<\/strong> et <strong>des Organisations de Recherche Clinique (CRO)<\/strong>, ainsi que des organisations actives dans <strong>les Dispositifs M\u00e9dicaux<\/strong>, <strong>la Sant\u00e9 Animale<\/strong> et <strong>les Sciences V\u00e9t\u00e9rinaires<\/strong>. Par exemple, nous comblons r\u00e9guli\u00e8rement les postes suivants pour ces secteurs :<\/p>\n<ul>\n<li><strong>Entreprises Pharmaceutiques :<\/strong> Directeur M\u00e9dical, M\u00e9decin en Chef, Conseiller M\u00e9dical, Charg\u00e9 de Liaison en Sciences M\u00e9dicales, Directeur du D\u00e9partement Commercial, Responsable de l\u2019Acc\u00e8s au March\u00e9, Directeur des Ventes, Chef de Projet, Chef de Produit, Responsable Grands Comptes, Directeur des Questions R\u00e9glementaires, Directeur Qualit\u00e9<\/li>\n<li><strong>Dispositifs M\u00e9dicaux <\/strong>: Directeur G\u00e9n\u00e9ral, Directeur du Marketing, Sp\u00e9cialiste des Applications, Responsable des Grands Comptes, Directeur Scientifique, Directeur Qualit\u00e9, Directeur des Ventes, Sp\u00e9cialiste des Produits, Chef de Produit<\/li>\n<li><strong>Sant\u00e9 Animale \/ Sciences V\u00e9t\u00e9rinaires :<\/strong> Directeur du D\u00e9partement Commercial, Directeur des Ventes, Directeur Technique, Chef de Produit<\/li>\n<li><strong>CRO :<\/strong> Directeur de la Qualit\u00e9, Directeur Clinique Premi\u00e8re Phase, M\u00e9decin en Recherche Clinique, Investigateur Clinique, Responsable du D\u00e9veloppement des Activit\u00e9s<\/li>\n<li><strong>H\u00f4pitaux<\/strong> : Infirmi\u00e8re en Chef, Directeur des Services Infirmiers, Gyn\u00e9cologue, M\u00e9decin Urgentiste<\/li>\n<li><strong>Logistique :<\/strong> Gestionnaire de Site, Gestionnaire d\u2019Entrep\u00f4t, Responsable Qualit\u00e9, Chef de Service<\/li>\n<li><strong>Production :<\/strong> Directeur Qualit\u00e9, Directeur de Production<\/li>\n<\/ul>\n<p>&nbsp;<\/p>\n<p>[\/et_pb_text][\/et_pb_column][\/et_pb_row][\/et_pb_section][et_pb_section fb_built=&#8221;1&#8243; custom_padding_last_edited=&#8221;on|desktop&#8221; _builder_version=&#8221;3.22&#8243; background_color=&#8221;#eeeded&#8221; custom_padding=&#8221;10px||10px|&#8221; custom_padding_tablet=&#8221;50px|0|50px|0&#8243; custom_padding_phone=&#8221;&#8221; transparent_background=&#8221;off&#8221; padding_mobile=&#8221;off&#8221; make_fullwidth=&#8221;off&#8221; use_custom_width=&#8221;off&#8221; width_unit=&#8221;on&#8221; global_module=&#8221;6167&#8243; global_colors_info=&#8221;{}&#8221;][et_pb_row column_structure=&#8221;2_3,1_3&#8243; padding_mobile=&#8221;off&#8221; column_padding_mobile=&#8221;on&#8221; _builder_version=&#8221;3.25&#8243; background_size=&#8221;initial&#8221; background_position=&#8221;top_left&#8221; background_repeat=&#8221;repeat&#8221; make_fullwidth=&#8221;off&#8221; use_custom_width=&#8221;off&#8221; width_unit=&#8221;off&#8221; custom_width_px=&#8221;1080px&#8221; custom_width_percent=&#8221;80%&#8221; global_colors_info=&#8221;{}&#8221;][et_pb_column type=&#8221;2_3&#8243; _builder_version=&#8221;3.0.47&#8243; custom_padding=&#8221;|||&#8221; global_colors_info=&#8221;{}&#8221; custom_padding__hover=&#8221;|||&#8221;][et_pb_text _builder_version=&#8221;4.9.7&#8243; background_size=&#8221;initial&#8221; background_position=&#8221;top_left&#8221; background_repeat=&#8221;repeat&#8221; use_border_color=&#8221;off&#8221; border_color=&#8221;#ffffff&#8221; border_style=&#8221;solid&#8221; global_colors_info=&#8221;{}&#8221;]<\/p>\n<p><img loading=\"lazy\" decoding=\"async\" class=\"alignnone wp-image-37\" src=\"https:\/\/www.focusontalent.eu\/wp-content\/uploads\/2016\/09\/logo-300x84.png\" alt=\"logo\" width=\"173\" height=\"55\" \/><br \/>Vlieghavenlaan 13<br \/>3140 Keerbergen<\/p>\n<p>[\/et_pb_text][\/et_pb_column][et_pb_column type=&#8221;1_3&#8243; _builder_version=&#8221;3.0.47&#8243; custom_padding=&#8221;|||&#8221; global_colors_info=&#8221;{}&#8221; custom_padding__hover=&#8221;|||&#8221;][et_pb_text _builder_version=&#8221;4.9.7&#8243; _module_preset=&#8221;default&#8221; global_colors_info=&#8221;{}&#8221;]<\/p>\n<p><a href=\"&#x6d;&#x61;&#x69;&#108;&#116;o:&#x69;&#x6e;&#x66;&#111;&#64;fo&#x63;&#x75;&#x73;&#111;&#110;ta&#x6c;&#x65;&#x6e;&#116;&#46;eu\">&#105;&#x6e;&#102;&#x6f;&#64;&#x66;&#111;&#x63;&#117;&#x73;&#111;&#x6e;&#116;&#x61;&#108;&#x65;&#110;&#x74;&#46;&#x65;&#117;<br \/><\/a>0032(0) 496 54 49 29<br \/>0032(0) 15 52 70 74<\/p>\n<p>[\/et_pb_text][et_pb_social_media_follow _builder_version=&#8221;4.3.2&#8243; global_colors_info=&#8221;{}&#8221;][et_pb_social_media_follow_network social_network=&#8221;linkedin&#8221; url=&#8221;https:\/\/www.linkedin.com\/company\/focus-on-talent-bvba\/&#8221; _builder_version=&#8221;4.3.2&#8243; background_color=&#8221;#000000&#8243; background_enable_color=&#8221;on&#8221; global_colors_info=&#8221;{}&#8221; follow_button=&#8221;off&#8221; url_new_window=&#8221;on&#8221;]linkedin[\/et_pb_social_media_follow_network][et_pb_social_media_follow_network social_network=&#8221;facebook&#8221; url=&#8221;https:\/\/www.facebook.com\/Focus-on-Talent-580592002113579\/&#8221; _builder_version=&#8221;4.3.2&#8243; background_color=&#8221;#000000&#8243; background_enable_color=&#8221;on&#8221; global_colors_info=&#8221;{}&#8221; follow_button=&#8221;off&#8221; url_new_window=&#8221;on&#8221;]facebook[\/et_pb_social_media_follow_network][\/et_pb_social_media_follow][\/et_pb_column][\/et_pb_row][\/et_pb_section][et_pb_section fb_built=&#8221;1&#8243; custom_padding_last_edited=&#8221;on|desktop&#8221; admin_label=&#8221;Sectie&#8221; _builder_version=&#8221;3.22&#8243; background_color=&#8221;#818386&#8243; custom_padding=&#8221;10px||10px|&#8221; custom_padding_tablet=&#8221;50px|0|50px|0&#8243; custom_padding_phone=&#8221;&#8221; transparent_background=&#8221;off&#8221; padding_mobile=&#8221;off&#8221; make_fullwidth=&#8221;off&#8221; use_custom_width=&#8221;off&#8221; width_unit=&#8221;on&#8221; global_module=&#8221;6168&#8243; global_colors_info=&#8221;{}&#8221;][et_pb_row padding_mobile=&#8221;off&#8221; column_padding_mobile=&#8221;on&#8221; _builder_version=&#8221;3.25&#8243; background_size=&#8221;initial&#8221; background_position=&#8221;top_left&#8221; background_repeat=&#8221;repeat&#8221; custom_padding=&#8221;0px||0px|&#8221; make_fullwidth=&#8221;off&#8221; use_custom_width=&#8221;off&#8221; width_unit=&#8221;on&#8221; custom_width_px=&#8221;1080px&#8221; custom_width_percent=&#8221;80%&#8221; global_colors_info=&#8221;{}&#8221;][et_pb_column type=&#8221;4_4&#8243; _builder_version=&#8221;3.0.47&#8243; custom_padding=&#8221;|||&#8221; global_colors_info=&#8221;{}&#8221; custom_padding__hover=&#8221;|||&#8221;][et_pb_text module_id=&#8221;footernav&#8221; _builder_version=&#8221;3.27.4&#8243; text_font_size=&#8221;13&#8243; header_text_color=&#8221;#008990&#8243; header_font_size=&#8221;24px&#8221; background_size=&#8221;initial&#8221; background_position=&#8221;top_left&#8221; background_repeat=&#8221;repeat&#8221; background_layout=&#8221;dark&#8221; custom_margin=&#8221;0px||0px|&#8221; use_border_color=&#8221;off&#8221; border_color=&#8221;#ffffff&#8221; border_style=&#8221;solid&#8221; global_colors_info=&#8221;{}&#8221;]<\/p>\n<p>\u00a9 Focus on Talent\u00a0\u00a0\u00a0<a href=\"https:\/\/www.focusontalent.eu\/fr\/politique-de-confidentialite\/\">Politique de confidentialit\u00e9<\/a>\u00a0\u00a0 <a href=\"https:\/\/www.focusontalent.eu\/fr\/disclaimer\/\">Disclaimer<\/a> \u00a0\u00a0 <a href=\"https:\/\/www.focusontalent.eu\/fr\/plan-de-site\/\">Plan de site<\/a><\/p>\n<p>[\/et_pb_text][\/et_pb_column][\/et_pb_row][\/et_pb_section]<\/p>\n","protected":false},"excerpt":{"rendered":"<p>Focus on Track Record \u2013 Votre partenaire de confiance pour des Solutions de Recrutement en Life Sciences et Health Care. Au fil des ann\u00e9es, Focus on Talent s\u2019est b\u00e2ti un palmar\u00e8s ind\u00e9niable de clients nationaux et internationaux satisfaits et fid\u00e8les dans le secteur des Sciences de la Vie et des Soins de Sant\u00e9. En tant que Boutique Executive Search Agency, nous nous concentrons sur les solutions de Recrutement pour des entreprises de divers secteurs, notamment des Soci\u00e9t\u00e9s Pharmaceutiques et des Organisations de Recherche Clinique (CRO), ainsi que des organisations actives dans les Dispositifs M\u00e9dicaux, la Sant\u00e9 Animale et les Sciences V\u00e9t\u00e9rinaires.<\/p>\n","protected":false},"author":1,"featured_media":0,"parent":6242,"menu_order":3,"comment_status":"closed","ping_status":"closed","template":"","meta":{"_et_pb_use_builder":"on","_et_pb_old_content":"","_et_gb_content_width":"","footnotes":""},"_links":{"self":[{"href":"https:\/\/www.focusontalent.eu\/fr\/wp-json\/wp\/v2\/pages\/6237"}],"collection":[{"href":"https:\/\/www.focusontalent.eu\/fr\/wp-json\/wp\/v2\/pages"}],"about":[{"href":"https:\/\/www.focusontalent.eu\/fr\/wp-json\/wp\/v2\/types\/page"}],"author":[{"embeddable":true,"href":"https:\/\/www.focusontalent.eu\/fr\/wp-json\/wp\/v2\/users\/1"}],"replies":[{"embeddable":true,"href":"https:\/\/www.focusontalent.eu\/fr\/wp-json\/wp\/v2\/comments?post=6237"}],"version-history":[{"count":11,"href":"https:\/\/www.focusontalent.eu\/fr\/wp-json\/wp\/v2\/pages\/6237\/revisions"}],"predecessor-version":[{"id":31142,"href":"https:\/\/www.focusontalent.eu\/fr\/wp-json\/wp\/v2\/pages\/6237\/revisions\/31142"}],"up":[{"embeddable":true,"href":"https:\/\/www.focusontalent.eu\/fr\/wp-json\/wp\/v2\/pages\/6242"}],"wp:attachment":[{"href":"https:\/\/www.focusontalent.eu\/fr\/wp-json\/wp\/v2\/media?parent=6237"}],"curies":[{"name":"wp","href":"https:\/\/api.w.org\/{rel}","templated":true}]}}