{"id":6232,"date":"2016-10-06T22:39:47","date_gmt":"2016-10-06T20:39:47","guid":{"rendered":"http:\/\/www2.focusontalent.eu\/fr\/?page_id=6232"},"modified":"2022-02-24T13:41:20","modified_gmt":"2022-02-24T12:41:20","slug":"pourquoi-choisir-focus-on-talent","status":"publish","type":"page","link":"https:\/\/www.focusontalent.eu\/fr\/a-propos-de-focus-on-talent\/pourquoi-choisir-focus-on-talent\/","title":{"rendered":"Pourquoi nous choisir?"},"content":{"rendered":"<p>[et_pb_section fb_built=&#8221;1&#8243; custom_padding_last_edited=&#8221;on|desktop&#8221; disabled_on=&#8221;off|off|off&#8221; _builder_version=&#8221;4.11.2&#8243; background_color=&#8221;#E09900&#8243; background_image=&#8221;https:\/\/www.focusontalent.eu\/wp-content\/uploads\/2021\/10\/Gecomprimeerd-Jan-Davidszoon-de-Heem-Festoen-van-vruchten-en-bloemen_Rijksmuseum-scaled.jpg&#8221; background_size=&#8221;initial&#8221; background_position=&#8221;center_left&#8221; custom_padding=&#8221;0px|0px|0px|0px&#8221; custom_padding_tablet=&#8221;0px|0px||0px&#8221; custom_padding_phone=&#8221;&#8221; custom_css_main_element=&#8221;margin: 0;||padding: 0;&#8221; transparent_background=&#8221;off&#8221; padding_mobile=&#8221;off&#8221; make_fullwidth=&#8221;off&#8221; use_custom_width=&#8221;off&#8221; width_unit=&#8221;on&#8221; custom_width_px=&#8221;1080px&#8221; custom_width_percent=&#8221;80%&#8221; locked=&#8221;off&#8221; global_colors_info=&#8221;{}&#8221;][et_pb_row column_structure=&#8221;3_5,2_5&#8243; padding_mobile=&#8221;on&#8221; make_equal=&#8221;on&#8221; column_padding_mobile=&#8221;off&#8221; _builder_version=&#8221;4.9.10&#8243; background_enable_image=&#8221;off&#8221; parallax=&#8221;on&#8221; width=&#8221;100%&#8221; custom_padding=&#8221;0px|0px|0px|0px&#8221; custom_css_main_element=&#8221;background-repeat: no-repeat;||border-left: 8px solid#fff;||padding: 0px;||&#8221; make_fullwidth=&#8221;off&#8221; use_custom_width=&#8221;off&#8221; width_unit=&#8221;on&#8221; custom_width_px=&#8221;1080px&#8221; custom_width_percent=&#8221;80%&#8221; global_colors_info=&#8221;{}&#8221;][et_pb_column type=&#8221;3_5&#8243; _builder_version=&#8221;3.0.47&#8243; custom_padding=&#8221;|||&#8221; global_colors_info=&#8221;{}&#8221; custom_padding__hover=&#8221;|||&#8221;][et_pb_text _builder_version=&#8221;4.14.8&#8243; background_color=&#8221;RGBA(0,0,0,0)&#8221; use_background_color_gradient=&#8221;on&#8221; background_color_gradient_start=&#8221;#ba6900&#8243; background_color_gradient_end=&#8221;#e09900&#8243; background_color_gradient_type=&#8221;radial&#8221; background_color_gradient_direction_radial=&#8221;top left&#8221; background_color_gradient_overlays_image=&#8221;on&#8221; background_size=&#8221;initial&#8221; background_position=&#8221;top_left&#8221; background_repeat=&#8221;repeat&#8221; background_layout=&#8221;dark&#8221; module_alignment=&#8221;left&#8221; custom_padding=&#8221;50px|60px||60px|false|true&#8221; custom_padding_tablet=&#8221;30px|60px|0px|60px||true&#8221; custom_padding_phone=&#8221;30px|50px|0px|50px|false|true&#8221; custom_padding_last_edited=&#8221;on|desktop&#8221; hover_enabled=&#8221;0&#8243; border_color_all=&#8221;RGBA(0,0,0,0)&#8221; border_style_all=&#8221;none&#8221; use_border_color=&#8221;off&#8221; border_style=&#8221;solid&#8221; global_colors_info=&#8221;{}&#8221; sticky_enabled=&#8221;0&#8243;]<\/p>\n<p><em><strong>&#8220;If your organization is in need of talent, I suggest contacting the highly professional Mimi Augstijnen. She and her team operate like the Belgian painter Van Dijck: accurate, meticulously detailed, and leaving us with a joy to see the result. It is both rewarding as it is a pleasure working with them.&#8221;<\/strong><br \/><\/em><\/p>\n<p><strong>\u2013 Associate Vice President, Healthcare \u2013<\/strong><\/p>\n<p>&nbsp;<\/p>\n<p>[\/et_pb_text][\/et_pb_column][et_pb_column type=&#8221;2_5&#8243; _builder_version=&#8221;3.0.47&#8243; custom_padding=&#8221;|||&#8221; global_colors_info=&#8221;{}&#8221; custom_padding__hover=&#8221;|||&#8221;][\/et_pb_column][\/et_pb_row][\/et_pb_section][et_pb_section fb_built=&#8221;1&#8243; admin_label=&#8221;section&#8221; _builder_version=&#8221;3.22&#8243; custom_padding=&#8221;0px||0px|&#8221; custom_padding_tablet=&#8221;0px||0px|&#8221; transparent_background=&#8221;off&#8221; padding_mobile=&#8221;on&#8221; make_fullwidth=&#8221;off&#8221; use_custom_width=&#8221;off&#8221; width_unit=&#8221;on&#8221; custom_width_px=&#8221;1080px&#8221; custom_width_percent=&#8221;80%&#8221; global_colors_info=&#8221;{}&#8221;][et_pb_row use_custom_gutter=&#8221;on&#8221; gutter_width=&#8221;1&#8243; column_padding_mobile=&#8221;on&#8221; custom_padding_last_edited=&#8221;on|phone&#8221; admin_label=&#8221;row&#8221; _builder_version=&#8221;3.25&#8243; background_size=&#8221;initial&#8221; background_position=&#8221;top_left&#8221; background_repeat=&#8221;repeat&#8221; custom_padding=&#8221;40px|150px|30px|150px&#8221; custom_padding_tablet=&#8221;40px|70px|30px|70px&#8221; custom_padding_phone=&#8221;40px|0px|30px|0px&#8221; global_colors_info=&#8221;{}&#8221;][et_pb_column type=&#8221;4_4&#8243; _builder_version=&#8221;3.25&#8243; custom_padding=&#8221;|||&#8221; global_colors_info=&#8221;{}&#8221; custom_padding__hover=&#8221;|||&#8221;][et_pb_text _builder_version=&#8221;4.9.10&#8243; background_size=&#8221;initial&#8221; background_position=&#8221;top_left&#8221; background_repeat=&#8221;repeat&#8221; text_orientation=&#8221;center&#8221; module_alignment=&#8221;center&#8221; use_border_color=&#8221;off&#8221; border_color=&#8221;#ffffff&#8221; border_style=&#8221;solid&#8221; global_colors_info=&#8221;{}&#8221;]<\/p>\n<h1 style=\"text-align: center;\">Focus on Talent \u2013 \u200b\u200bVotre point de contact pour<br \/><strong>des Solutions de Recrutement dans Life Sciences<br \/>et Health Care<\/strong><\/h1>\n<p>[\/et_pb_text][\/et_pb_column][\/et_pb_row][et_pb_row padding_mobile=&#8221;off&#8221; column_padding_mobile=&#8221;on&#8221; admin_label=&#8221;row&#8221; _builder_version=&#8221;3.25&#8243; background_size=&#8221;initial&#8221; background_position=&#8221;top_left&#8221; background_repeat=&#8221;repeat&#8221; custom_padding=&#8221;10px||0px|&#8221; custom_padding_tablet=&#8221;0px||0px|&#8221; make_fullwidth=&#8221;off&#8221; use_custom_width=&#8221;off&#8221; width_unit=&#8221;on&#8221; custom_width_px=&#8221;1080px&#8221; custom_width_percent=&#8221;80%&#8221; global_colors_info=&#8221;{}&#8221;][et_pb_column type=&#8221;4_4&#8243; _builder_version=&#8221;3.25&#8243; custom_padding=&#8221;|||&#8221; global_colors_info=&#8221;{}&#8221; custom_padding__hover=&#8221;|||&#8221;][et_pb_divider show_divider=&#8221;off&#8221; disabled_on=&#8221;off&#8221; _builder_version=&#8221;4.9.10&#8243; height=&#8221;2px&#8221; custom_css_main_element=&#8221;max-width: 70px;||margin: 0 auto;||width: 50%;||padding:0;&#8221; hide_on_mobile=&#8221;off&#8221; global_colors_info=&#8221;{}&#8221;][\/et_pb_divider][\/et_pb_column][\/et_pb_row][et_pb_row use_custom_gutter=&#8221;on&#8221; gutter_width=&#8221;1&#8243; padding_mobile=&#8221;on&#8221; column_padding_mobile=&#8221;on&#8221; admin_label=&#8221;row&#8221; _builder_version=&#8221;3.25&#8243; background_size=&#8221;initial&#8221; background_position=&#8221;top_left&#8221; background_repeat=&#8221;repeat&#8221; custom_margin=&#8221;20px|||&#8221; custom_padding=&#8221;0px||30px|&#8221; custom_padding_tablet=&#8221;0px||0px|&#8221; make_fullwidth=&#8221;off&#8221; use_custom_width=&#8221;off&#8221; width_unit=&#8221;on&#8221; global_colors_info=&#8221;{}&#8221;][et_pb_column type=&#8221;4_4&#8243; _builder_version=&#8221;3.25&#8243; custom_padding=&#8221;|||&#8221; global_colors_info=&#8221;{}&#8221; custom_padding__hover=&#8221;|||&#8221;][et_pb_text _builder_version=&#8221;4.9.10&#8243; background_size=&#8221;initial&#8221; background_position=&#8221;top_left&#8221; background_repeat=&#8221;repeat&#8221; module_alignment=&#8221;left&#8221; custom_margin=&#8221;0px|||&#8221; use_border_color=&#8221;off&#8221; border_color=&#8221;#ffffff&#8221; border_style=&#8221;solid&#8221; global_colors_info=&#8221;{}&#8221;]<\/p>\n<h2><strong>Pourquoi choisir Focus on Talent?<\/strong><\/h2>\n<p style=\"text-align: justify;\">Chez Focus on Talent, nous nous soucions de votre entreprise et de nos candidats.<\/p>\n<ul style=\"text-align: justify;\">\n<li>En tant que boutique executive search agency, nous proposons\u00a0<strong>une approche personnelle et personnalis\u00e9e<\/strong>, bas\u00e9e sur de solides connaissances. Vous disposez d\u2019un point de contact unique, proche de votre organisation et qui comprend vos besoins.<\/li>\n<li>Nos consultants poss\u00e8dent de\u00a0<strong>nombreuses ann\u00e9es d\u2019exp\u00e9rience en Sciences de la Vie et Soins de Sant\u00e9<\/strong>. Ils connaissent bien les comp\u00e9tences requises dans ces domaines.<\/li>\n<li>Ils ont \u00e9galement constitu\u00e9\u00a0<strong>un vaste r\u00e9seau\u00a0de candidats potentiels<\/strong>.<\/li>\n<li>Gr\u00e2ce \u00e0 une <strong>s\u00e9lection rigoureuse<\/strong>, nous \u00e9valuons si un candidat r\u00e9pond \u00e0 vos attentes. Cet\u00a0objectif constant de qualit\u00e9\u00a0est au c\u0153ur de notre approche ax\u00e9e sur les r\u00e9sultats.<\/li>\n<li>Nous associons cet objectif de qualit\u00e9 \u00e0 une\u00a0<strong>communication ouverte et transparente<\/strong>\u00a0avec toutes les parties concern\u00e9es.<\/li>\n<\/ul>\n<p style=\"text-align: justify;\">Notre approche a\u00a0<strong>satisfait un <a href=\"https:\/\/www.focusontalent.eu\/fr\/nos-services\/palmares\/\">palmar\u00e8s<\/a>\u00a0de clients fid\u00e8les<\/strong> dans le secteur des Sciences de la Vie et des Soins de Sant\u00e9 au Benelux, en France, en Allemagne, en Autriche, en Suisse, en R\u00e9publique tch\u00e8que, en Pologne, en Hongrie, en Russie, aux \u00c9mirats arabes unis, etc.<\/p>\n<p>&nbsp;<\/p>\n<h2><strong>Notre m\u00e9thodologie<\/strong><\/h2>\n<p style=\"text-align: justify;\"><span lang=\"fr-FR\">Notre m\u00e9thodologie ne se limite pas \u00e0 contacter un candidat. Non seulement, nous <strong>s\u00e9lectionnons<\/strong> les candidats les plus aptes par une recherche directe, mais nous <strong>examinons<\/strong> \u00e9galement leurs aptitudes, leur personnalit\u00e9, leur potentiel et leur capacit\u00e9 d\u2019int\u00e9grer l\u2019entreprise et l\u2019\u00e9quipe. <\/span><span lang=\"fr-FR\">Nous commen\u00e7ons par <strong>identifier vos besoins et \u00e9tablir la liste des comp\u00e9tences n\u00e9cessaires<\/strong>. De cette mani\u00e8re, nous recherchons pour vous le m\u00e9lange optimal de connaissances, d\u2019aptitudes, d\u2019ambitions et de personnalit\u00e9 et, dans ce cadre, nous accordons une attention particuli\u00e8re \u00e0 l\u2019\u00e9tablissement d\u2019une connexion optimale avec la culture de l\u2019entreprise et avec l\u2019\u00e9quipe. <\/span><\/p>\n<p style=\"text-align: justify;\"><span lang=\"fr-FR\">Par cons\u00e9quent, nous parvenons toujours \u00e0 aider le client \u00e0 prendre la bonne d\u00e9cision. <strong>Pour nous, le processus de recrutement ne se termine que lorsque nous avons trouv\u00e9 la personne ad\u00e9quate pour votre fonction.<\/strong> Nous assurons \u00e9galement <strong>un suivi<\/strong> de l\u2019employ\u00e9 dans le nouvel environnement de travail afin de garantir en permanence une bonne collaboration.<\/span><\/p>\n<p>&nbsp;<\/p>\n<h2><strong>Nos valeurs<\/strong><\/h2>\n<p style=\"text-align: justify;\"><strong>L\u2019honn\u00eatet\u00e9, l\u2019\u00e9thique et la d\u00e9ontologie<\/strong> sont les valeurs essentielles de notre collaboration avec des entreprises et des professionnels. Par cons\u00e9quent, d\u00e8s le premier contact, nous visons <strong>une ouverture et une transparence totales<\/strong>, et ce dans les deux sens. Il nous importe que toutes les informations soient transmises correctement, afin d\u2019\u00e9viter de mauvaises surprises \u00e0 chacune des parties.<\/p>\n<p style=\"text-align: justify;\">Ceci implique \u00e9galement que nous ne communiquons jamais de donn\u00e9es \u00e0 caract\u00e8re personnel \u00e0 des tiers sans <strong>l\u2019autorisation expresse de la personne en question<\/strong>.<\/p>\n<p style=\"text-align: justify;\">Pour obtenir des informations plus d\u00e9taill\u00e9es sur les proc\u00e9dures et le traitement de donn\u00e9es, veuillez consulter respectivement notre politique organisationnelle et notre <a href=\"https:\/\/www.focusontalent.eu\/fr\/privacy-policy\/\">politique de confidentialit\u00e9<\/a>.<\/p>\n<p>&nbsp;<\/p>\n<p>[\/et_pb_text][\/et_pb_column][\/et_pb_row][\/et_pb_section][et_pb_section fb_built=&#8221;1&#8243; custom_padding_last_edited=&#8221;on|desktop&#8221; _builder_version=&#8221;3.22&#8243; background_color=&#8221;#eeeded&#8221; custom_padding=&#8221;10px||10px|&#8221; custom_padding_tablet=&#8221;50px|0|50px|0&#8243; custom_padding_phone=&#8221;&#8221; transparent_background=&#8221;off&#8221; padding_mobile=&#8221;off&#8221; make_fullwidth=&#8221;off&#8221; use_custom_width=&#8221;off&#8221; width_unit=&#8221;on&#8221; global_module=&#8221;6167&#8243; global_colors_info=&#8221;{}&#8221;][et_pb_row column_structure=&#8221;2_3,1_3&#8243; padding_mobile=&#8221;off&#8221; column_padding_mobile=&#8221;on&#8221; _builder_version=&#8221;3.25&#8243; background_size=&#8221;initial&#8221; background_position=&#8221;top_left&#8221; background_repeat=&#8221;repeat&#8221; make_fullwidth=&#8221;off&#8221; use_custom_width=&#8221;off&#8221; width_unit=&#8221;off&#8221; custom_width_px=&#8221;1080px&#8221; custom_width_percent=&#8221;80%&#8221; global_colors_info=&#8221;{}&#8221;][et_pb_column type=&#8221;2_3&#8243; _builder_version=&#8221;3.0.47&#8243; custom_padding=&#8221;|||&#8221; global_colors_info=&#8221;{}&#8221; custom_padding__hover=&#8221;|||&#8221;][et_pb_text _builder_version=&#8221;4.9.7&#8243; background_size=&#8221;initial&#8221; background_position=&#8221;top_left&#8221; background_repeat=&#8221;repeat&#8221; use_border_color=&#8221;off&#8221; border_color=&#8221;#ffffff&#8221; border_style=&#8221;solid&#8221; global_colors_info=&#8221;{}&#8221;]<\/p>\n<p><img loading=\"lazy\" decoding=\"async\" class=\"alignnone wp-image-37\" src=\"https:\/\/www.focusontalent.eu\/wp-content\/uploads\/2016\/09\/logo-300x84.png\" alt=\"logo\" width=\"173\" height=\"55\" \/><br \/>Vlieghavenlaan 13<br \/>3140 Keerbergen<\/p>\n<p>[\/et_pb_text][\/et_pb_column][et_pb_column type=&#8221;1_3&#8243; _builder_version=&#8221;3.0.47&#8243; custom_padding=&#8221;|||&#8221; global_colors_info=&#8221;{}&#8221; custom_padding__hover=&#8221;|||&#8221;][et_pb_text _builder_version=&#8221;4.9.7&#8243; _module_preset=&#8221;default&#8221; global_colors_info=&#8221;{}&#8221;]<\/p>\n<p><a href=\"&#x6d;&#x61;&#x69;&#x6c;&#x74;&#x6f;&#x3a;&#x69;&#x6e;&#x66;&#x6f;&#x40;&#x66;&#x6f;&#x63;&#x75;&#x73;&#x6f;&#x6e;&#x74;&#x61;&#x6c;&#x65;&#x6e;&#x74;&#x2e;&#x65;&#x75;\">&#x69;&#110;f&#x6f;&#x40;&#102;o&#x63;&#117;s&#x6f;&#x6e;&#116;a&#x6c;&#101;n&#x74;&#x2e;&#101;u<br \/><\/a>0032(0) 496 54 49 29<br \/>0032(0) 15 52 70 74<\/p>\n<p>[\/et_pb_text][et_pb_social_media_follow _builder_version=&#8221;4.3.2&#8243; global_colors_info=&#8221;{}&#8221;][et_pb_social_media_follow_network social_network=&#8221;linkedin&#8221; url=&#8221;https:\/\/www.linkedin.com\/company\/focus-on-talent-bvba\/&#8221; _builder_version=&#8221;4.3.2&#8243; background_color=&#8221;#000000&#8243; background_enable_color=&#8221;on&#8221; global_colors_info=&#8221;{}&#8221; follow_button=&#8221;off&#8221; url_new_window=&#8221;on&#8221;]linkedin[\/et_pb_social_media_follow_network][et_pb_social_media_follow_network social_network=&#8221;facebook&#8221; url=&#8221;https:\/\/www.facebook.com\/Focus-on-Talent-580592002113579\/&#8221; _builder_version=&#8221;4.3.2&#8243; background_color=&#8221;#000000&#8243; background_enable_color=&#8221;on&#8221; global_colors_info=&#8221;{}&#8221; follow_button=&#8221;off&#8221; url_new_window=&#8221;on&#8221;]facebook[\/et_pb_social_media_follow_network][\/et_pb_social_media_follow][\/et_pb_column][\/et_pb_row][\/et_pb_section][et_pb_section fb_built=&#8221;1&#8243; custom_padding_last_edited=&#8221;on|desktop&#8221; admin_label=&#8221;Sectie&#8221; _builder_version=&#8221;3.22&#8243; background_color=&#8221;#818386&#8243; custom_padding=&#8221;10px||10px|&#8221; custom_padding_tablet=&#8221;50px|0|50px|0&#8243; custom_padding_phone=&#8221;&#8221; transparent_background=&#8221;off&#8221; padding_mobile=&#8221;off&#8221; make_fullwidth=&#8221;off&#8221; use_custom_width=&#8221;off&#8221; width_unit=&#8221;on&#8221; global_module=&#8221;6168&#8243; global_colors_info=&#8221;{}&#8221;][et_pb_row padding_mobile=&#8221;off&#8221; column_padding_mobile=&#8221;on&#8221; _builder_version=&#8221;3.25&#8243; background_size=&#8221;initial&#8221; background_position=&#8221;top_left&#8221; background_repeat=&#8221;repeat&#8221; custom_padding=&#8221;0px||0px|&#8221; make_fullwidth=&#8221;off&#8221; use_custom_width=&#8221;off&#8221; width_unit=&#8221;on&#8221; custom_width_px=&#8221;1080px&#8221; custom_width_percent=&#8221;80%&#8221; global_colors_info=&#8221;{}&#8221;][et_pb_column type=&#8221;4_4&#8243; _builder_version=&#8221;3.0.47&#8243; custom_padding=&#8221;|||&#8221; global_colors_info=&#8221;{}&#8221; custom_padding__hover=&#8221;|||&#8221;][et_pb_text module_id=&#8221;footernav&#8221; _builder_version=&#8221;3.27.4&#8243; text_font_size=&#8221;13&#8243; header_text_color=&#8221;#008990&#8243; header_font_size=&#8221;24px&#8221; background_size=&#8221;initial&#8221; background_position=&#8221;top_left&#8221; background_repeat=&#8221;repeat&#8221; background_layout=&#8221;dark&#8221; custom_margin=&#8221;0px||0px|&#8221; use_border_color=&#8221;off&#8221; border_color=&#8221;#ffffff&#8221; border_style=&#8221;solid&#8221; global_colors_info=&#8221;{}&#8221;]<\/p>\n<p>\u00a9 Focus on Talent\u00a0\u00a0\u00a0<a href=\"https:\/\/www.focusontalent.eu\/fr\/politique-de-confidentialite\/\">Politique de confidentialit\u00e9<\/a>\u00a0\u00a0 <a href=\"https:\/\/www.focusontalent.eu\/fr\/disclaimer\/\">Disclaimer<\/a> \u00a0\u00a0 <a href=\"https:\/\/www.focusontalent.eu\/fr\/plan-de-site\/\">Plan de site<\/a><\/p>\n<p>[\/et_pb_text][\/et_pb_column][\/et_pb_row][\/et_pb_section]<\/p>\n","protected":false},"excerpt":{"rendered":"<p>Pourquoi nous choisir? Focus on Talent \u2013 \u200b\u200bVotre point de contact pour des Solutions de Recrutement dans Life Sciences et Health Care. En tant que boutique executive search agency, nous proposons une approche personnelle et personnalis\u00e9e, bas\u00e9e sur de solides connaissances. Nos consultants poss\u00e8dent d&#8217;un vaste r\u00e9seau et de nombreuses ann\u00e9es d\u2019exp\u00e9rience en Sciences de la Vie et Soins de Sant\u00e9. Ils connaissent bien les comp\u00e9tences requises dans ces domaines. Gr\u00e2ce \u00e0 une s\u00e9lection rigoureuse, nous \u00e9valuons si un candidat r\u00e9pond \u00e0 vos attentes. Cet objectif constant de qualit\u00e9 est au c\u0153ur de notre approche ax\u00e9e sur les r\u00e9sultats.<\/p>\n","protected":false},"author":1,"featured_media":0,"parent":6242,"menu_order":2,"comment_status":"closed","ping_status":"closed","template":"","meta":{"_et_pb_use_builder":"on","_et_pb_old_content":"","_et_gb_content_width":"","footnotes":""},"_links":{"self":[{"href":"https:\/\/www.focusontalent.eu\/fr\/wp-json\/wp\/v2\/pages\/6232"}],"collection":[{"href":"https:\/\/www.focusontalent.eu\/fr\/wp-json\/wp\/v2\/pages"}],"about":[{"href":"https:\/\/www.focusontalent.eu\/fr\/wp-json\/wp\/v2\/types\/page"}],"author":[{"embeddable":true,"href":"https:\/\/www.focusontalent.eu\/fr\/wp-json\/wp\/v2\/users\/1"}],"replies":[{"embeddable":true,"href":"https:\/\/www.focusontalent.eu\/fr\/wp-json\/wp\/v2\/comments?post=6232"}],"version-history":[{"count":10,"href":"https:\/\/www.focusontalent.eu\/fr\/wp-json\/wp\/v2\/pages\/6232\/revisions"}],"predecessor-version":[{"id":31201,"href":"https:\/\/www.focusontalent.eu\/fr\/wp-json\/wp\/v2\/pages\/6232\/revisions\/31201"}],"up":[{"embeddable":true,"href":"https:\/\/www.focusontalent.eu\/fr\/wp-json\/wp\/v2\/pages\/6242"}],"wp:attachment":[{"href":"https:\/\/www.focusontalent.eu\/fr\/wp-json\/wp\/v2\/media?parent=6232"}],"curies":[{"name":"wp","href":"https:\/\/api.w.org\/{rel}","templated":true}]}}