{"id":6227,"date":"2016-10-06T22:31:26","date_gmt":"2016-10-06T20:31:26","guid":{"rendered":"http:\/\/www2.focusontalent.eu\/fr\/?page_id=6227"},"modified":"2021-10-15T10:54:02","modified_gmt":"2021-10-15T08:54:02","slug":"assessment-et-development-centres","status":"publish","type":"page","link":"https:\/\/www.focusontalent.eu\/fr\/nos-services\/assessment-et-development-centres\/","title":{"rendered":"Assessment et Development Centres"},"content":{"rendered":"<p>[et_pb_section fb_built=&#8221;1&#8243; custom_padding_last_edited=&#8221;on|desktop&#8221; disabled_on=&#8221;off|off|off&#8221; _builder_version=&#8221;4.11.2&#8243; background_color=&#8221;#E09900&#8243; background_image=&#8221;\/\/i0.wp.com\/focusontalent.eu\/wp-content\/uploads\/2021\/10\/Gecomprimeerd-Edgar-Degas-The-Dance-Class_The-Metropolitan-Museum-of-Art-scaled.jpg&#8221; background_size=&#8221;initial&#8221; custom_padding=&#8221;0px|0px|0px|0px&#8221; custom_padding_tablet=&#8221;0px|0px||0px&#8221; custom_padding_phone=&#8221;&#8221; custom_css_main_element=&#8221;margin: 0;||padding: 0;&#8221; transparent_background=&#8221;off&#8221; padding_mobile=&#8221;off&#8221; make_fullwidth=&#8221;off&#8221; use_custom_width=&#8221;off&#8221; width_unit=&#8221;on&#8221; custom_width_px=&#8221;1080px&#8221; custom_width_percent=&#8221;80%&#8221; locked=&#8221;off&#8221; global_colors_info=&#8221;{}&#8221;][et_pb_row column_structure=&#8221;3_5,2_5&#8243; padding_mobile=&#8221;on&#8221; make_equal=&#8221;on&#8221; column_padding_mobile=&#8221;off&#8221; _builder_version=&#8221;4.9.10&#8243; background_enable_image=&#8221;off&#8221; parallax=&#8221;on&#8221; width=&#8221;100%&#8221; custom_padding=&#8221;0px|0px|0px|0px&#8221; custom_css_main_element=&#8221;background-repeat: no-repeat;||border-left: 8px solid#fff;||padding: 0px;||&#8221; make_fullwidth=&#8221;off&#8221; use_custom_width=&#8221;off&#8221; width_unit=&#8221;on&#8221; custom_width_px=&#8221;1080px&#8221; custom_width_percent=&#8221;80%&#8221; global_colors_info=&#8221;{}&#8221;][et_pb_column type=&#8221;3_5&#8243; _builder_version=&#8221;3.0.47&#8243; custom_padding=&#8221;|||&#8221; global_colors_info=&#8221;{}&#8221; custom_padding__hover=&#8221;|||&#8221;][et_pb_text _builder_version=&#8221;4.9.11&#8243; background_color=&#8221;RGBA(0,0,0,0)&#8221; use_background_color_gradient=&#8221;on&#8221; background_color_gradient_start=&#8221;#ba6900&#8243; background_color_gradient_end=&#8221;#e09900&#8243; background_color_gradient_type=&#8221;radial&#8221; background_color_gradient_direction_radial=&#8221;top left&#8221; background_color_gradient_overlays_image=&#8221;on&#8221; background_size=&#8221;initial&#8221; background_position=&#8221;top_left&#8221; background_repeat=&#8221;repeat&#8221; background_layout=&#8221;dark&#8221; module_alignment=&#8221;left&#8221; custom_padding=&#8221;50px|60px||60px|false|true&#8221; custom_padding_tablet=&#8221;30px|60px|0px|60px||true&#8221; custom_padding_phone=&#8221;30px|50px|0px|50px|false|true&#8221; custom_padding_last_edited=&#8221;on|desktop&#8221; border_color_all=&#8221;RGBA(0,0,0,0)&#8221; border_style_all=&#8221;none&#8221; use_border_color=&#8221;off&#8221; border_style=&#8221;solid&#8221; global_colors_info=&#8221;{}&#8221;]<\/p>\n<p><em><strong>&#8220;Focus on Talent is the partner for assessing skills and strengths of potential candidates for new roles in your company. Mimi and her team are also efficient in providing support for developing a talent pool allowing succession planning for key roles; their assessments are top quality.&#8221;<\/strong><br \/><\/em><\/p>\n<p><strong>\u2013 European Area Manager Clinical Operations, Healthcare \u2013<\/strong><\/p>\n<p>&nbsp;<\/p>\n<p>[\/et_pb_text][\/et_pb_column][et_pb_column type=&#8221;2_5&#8243; _builder_version=&#8221;3.0.47&#8243; custom_padding=&#8221;|||&#8221; global_colors_info=&#8221;{}&#8221; custom_padding__hover=&#8221;|||&#8221;][\/et_pb_column][\/et_pb_row][\/et_pb_section][et_pb_section fb_built=&#8221;1&#8243; admin_label=&#8221;section&#8221; _builder_version=&#8221;3.22&#8243; custom_padding=&#8221;0px||0px|&#8221; custom_padding_tablet=&#8221;0px||0px|&#8221; transparent_background=&#8221;off&#8221; padding_mobile=&#8221;on&#8221; make_fullwidth=&#8221;off&#8221; use_custom_width=&#8221;off&#8221; width_unit=&#8221;on&#8221; custom_width_px=&#8221;1080px&#8221; custom_width_percent=&#8221;80%&#8221; global_colors_info=&#8221;{}&#8221;][et_pb_row use_custom_gutter=&#8221;on&#8221; gutter_width=&#8221;1&#8243; column_padding_mobile=&#8221;on&#8221; custom_padding_last_edited=&#8221;on|phone&#8221; admin_label=&#8221;row&#8221; _builder_version=&#8221;3.25&#8243; background_size=&#8221;initial&#8221; background_position=&#8221;top_left&#8221; background_repeat=&#8221;repeat&#8221; custom_padding=&#8221;40px|150px|30px|150px&#8221; custom_padding_tablet=&#8221;40px|70px|30px|70px&#8221; custom_padding_phone=&#8221;40px|0px|30px|0px&#8221; global_colors_info=&#8221;{}&#8221;][et_pb_column type=&#8221;4_4&#8243; _builder_version=&#8221;3.25&#8243; custom_padding=&#8221;|||&#8221; global_colors_info=&#8221;{}&#8221; custom_padding__hover=&#8221;|||&#8221;][et_pb_text _builder_version=&#8221;4.9.10&#8243; background_size=&#8221;initial&#8221; background_position=&#8221;top_left&#8221; background_repeat=&#8221;repeat&#8221; text_orientation=&#8221;center&#8221; module_alignment=&#8221;center&#8221; use_border_color=&#8221;off&#8221; border_color=&#8221;#ffffff&#8221; border_style=&#8221;solid&#8221; global_colors_info=&#8221;{}&#8221;]<\/p>\n<h1 style=\"text-align: center;\"><strong>Assessment et Development Centres<\/strong> \u2013<br \/>Votre partenaire de d\u00e9cider en toute confiance<\/h1>\n<p>[\/et_pb_text][\/et_pb_column][\/et_pb_row][et_pb_row padding_mobile=&#8221;off&#8221; column_padding_mobile=&#8221;on&#8221; admin_label=&#8221;row&#8221; _builder_version=&#8221;3.25&#8243; background_size=&#8221;initial&#8221; background_position=&#8221;top_left&#8221; background_repeat=&#8221;repeat&#8221; custom_padding=&#8221;10px||0px|&#8221; custom_padding_tablet=&#8221;0px||0px|&#8221; make_fullwidth=&#8221;off&#8221; use_custom_width=&#8221;off&#8221; width_unit=&#8221;on&#8221; custom_width_px=&#8221;1080px&#8221; custom_width_percent=&#8221;80%&#8221; global_colors_info=&#8221;{}&#8221;][et_pb_column type=&#8221;4_4&#8243; _builder_version=&#8221;3.25&#8243; custom_padding=&#8221;|||&#8221; global_colors_info=&#8221;{}&#8221; custom_padding__hover=&#8221;|||&#8221;][et_pb_divider show_divider=&#8221;off&#8221; disabled_on=&#8221;off&#8221; _builder_version=&#8221;4.9.10&#8243; height=&#8221;2px&#8221; custom_css_main_element=&#8221;max-width: 70px;||margin: 0 auto;||width: 50%;||padding:0;&#8221; hide_on_mobile=&#8221;off&#8221; global_colors_info=&#8221;{}&#8221;][\/et_pb_divider][\/et_pb_column][\/et_pb_row][et_pb_row use_custom_gutter=&#8221;on&#8221; gutter_width=&#8221;1&#8243; padding_mobile=&#8221;on&#8221; column_padding_mobile=&#8221;on&#8221; admin_label=&#8221;row&#8221; _builder_version=&#8221;3.25&#8243; background_size=&#8221;initial&#8221; background_position=&#8221;top_left&#8221; background_repeat=&#8221;repeat&#8221; custom_margin=&#8221;20px|||&#8221; custom_padding=&#8221;0px||30px|&#8221; custom_padding_tablet=&#8221;0px||0px|&#8221; make_fullwidth=&#8221;off&#8221; use_custom_width=&#8221;off&#8221; width_unit=&#8221;on&#8221; global_colors_info=&#8221;{}&#8221;][et_pb_column type=&#8221;4_4&#8243; _builder_version=&#8221;3.25&#8243; custom_padding=&#8221;|||&#8221; global_colors_info=&#8221;{}&#8221; custom_padding__hover=&#8221;|||&#8221;][et_pb_text _builder_version=&#8221;4.9.10&#8243; background_size=&#8221;initial&#8221; background_position=&#8221;top_left&#8221; background_repeat=&#8221;repeat&#8221; module_alignment=&#8221;left&#8221; custom_margin=&#8221;0px|||&#8221; use_border_color=&#8221;off&#8221; border_color=&#8221;#ffffff&#8221; border_style=&#8221;solid&#8221; global_colors_info=&#8221;{}&#8221;]<\/p>\n<h2><strong>Assessment et D\u00e9veloppement des employ\u00e9s (potentiels)<\/strong><\/h2>\n<p style=\"text-align: justify;\">Outre <a href=\"https:\/\/www.focusontalent.eu\/fr\/nos-services\/recrutement\/\">la S\u00e9lection et le Recrutement,<\/a> Focus on Talent s\u2019est <strong>sp\u00e9cialis\u00e9 dans les Assessment et Development Centres<\/strong>. Ils forment un compl\u00e9ment pr\u00e9cieux au processus de recherche de cadres. Toutefois, nous les avons organis\u00e9s s\u00e9par\u00e9ment. Les Assessment et Development Centres vous montrent si vous prenez la bonne d\u00e9cision lors d&#8217;une proc\u00e9dure de s\u00e9lection ou de promotion. Ils vous donnent <strong>un aper\u00e7u des talents, du potentiel et des besoins de d\u00e9veloppement d&#8217;un candidat<\/strong>.<\/p>\n<p style=\"text-align: justify;\">En tant que tels, les Assessment Centres vont bien au-del\u00e0 des entretiens d\u2019embauche et des impressions laiss\u00e9es. Des \u00e9tudes ont montr\u00e9 que les entretiens d&#8217;embauche ou de s\u00e9lection traditionnels ne sont pas vraiment fiables pour \u00e9valuer les talents d&#8217;un candidat. Les r\u00e9f\u00e9rences d&#8217;anciens employeurs sont presque toujours biais\u00e9es et donc tout aussi peu fiables. La m\u00e9thode STAR comporte \u00e9galement ses limites. Les candidats peuvent ne pas avoir \u00e9t\u00e9 confront\u00e9s \u00e0 une certaine situation, et m\u00eame s&#8217;ils l&#8217;ont \u00e9t\u00e9, les mesures qu&#8217;ils ont prises \u00e0 ce moment-l\u00e0 ne sont pas n\u00e9cessairement repr\u00e9sentatives du comportement qu\u2019ils auraient \u00e0 pr\u00e9sent. Enfin, les questionnaires et les tests de personnalit\u00e9 n\u2019apportent pas toujours \u00e0 eux seuls les r\u00e9ponses voulues.<\/p>\n<p style=\"text-align: justify;\">Par contre, dans un Assessment Centre, les \u00e9valuateurs ne se contentent pas <strong>d&#8217;interviewer<\/strong> les candidats, ils les <strong>observent \u00e9galement lors de mises en situation professionnelle<\/strong>. Cette m\u00e9thodologie \u00e9prouv\u00e9e pr\u00e9sente un taux de r\u00e9ussite beaucoup plus \u00e9lev\u00e9, et elle vous permet de d\u00e9cider en toute confiance, pour autant que ces \u00e9valuations soient faites par des \u00e9valuateurs qualifi\u00e9s.<\/p>\n<p>&nbsp;<\/p>\n<h2><strong>Assessment et Development Centres en pratique<\/strong><\/h2>\n<ul>\n<li style=\"text-align: justify;\">En concertation avec le client, nous d\u00e9finissons <strong>les comp\u00e9tences pertinentes<\/strong> pour un poste sp\u00e9cifique.<\/li>\n<li style=\"text-align: justify;\">Au centre d&#8217;\u00e9valuation, nous \u00e9valuons <strong>si un candidat r\u00e9pond \u00e0 ces crit\u00e8res<\/strong>. Cette \u00e9valuation est g\u00e9n\u00e9ralement effectu\u00e9e au moyen de business cases ou de simulations.<\/li>\n<li style=\"text-align: justify;\">De plus, les candidats remplissent un ou plusieurs questionnaires et passent <strong>un entretien comportemental<\/strong>. Ces exercices assurent plus de s\u00e9curit\u00e9 concernant l\u2019aptitude d\u2019un candidat.<\/li>\n<\/ul>\n<p style=\"text-align: justify;\">Nous adaptons notre approche et les exercices en fonction du poste, du candidat et du grade de la fonction, qui peut aller du cadre moyen jusqu\u2019aux postes de direction. En outre, nous tenons compte d\u2019autres facteurs, tels que votre culture d\u2019entreprise. Toutes les \u00e9valuations et les rapports subs\u00e9quents sont effectu\u00e9s par <strong>deux \u00e9valuateurs professionnels, exp\u00e9riment\u00e9s et hautement qualifi\u00e9s<\/strong>. Nous avons ainsi une double \u00e9valuation de chaque comp\u00e9tence, ce qui nous permet de toujours garantir des avis de haute qualit\u00e9.<\/p>\n<p style=\"text-align: justify;\">Nos remote Assessment Centres peuvent \u00eatre organis\u00e9s <strong>en anglais, en n\u00e9erlandais et en fran\u00e7ais<\/strong>.<\/p>\n<p>&nbsp;<\/p>\n<h2><strong>Remote Assessment Centres<\/strong><\/h2>\n<p style=\"text-align: justify;\">Dans un monde qui travaille \u00e0 l\u2019\u00e9chelle mondiale et qui devient de plus en plus num\u00e9rique, Focus on Talent vous offre \u00e0 pr\u00e9sent\u00a0des<strong> Remote Assessment Centres<\/strong>, en plus des Assessments que nous r\u00e9alisons dans nos bureaux ou sur place. Plus qu\u2019un test en ligne, il s\u2019agit d\u2019un <strong>Assessment Centre virtuel enti\u00e8rement interactif<\/strong>, fait sur mesure pour votre organisation et le poste en question. Ce\u00a0<strong>programme d\u2019une journ\u00e9e compl\u00e8te<\/strong>\u00a0combine les t\u00e2ches \u00e9crites que le candidat pr\u00e9pare \u00e0 l\u2019avance avec des entrevues en direct, des analyses de rentabilisation et des discussions par vid\u00e9oconf\u00e9rence. Nos assesseurs exp\u00e9riment\u00e9s travaillent avec des plates-formes de pointe pour effectuer ces \u00e9valuations interactives et pour vous fournir le degr\u00e9 de fiabilit\u00e9 et de qualit\u00e9 auquel nous aspirons toujours.<\/p>\n<p style=\"text-align: justify;\">Les Remote Assessment Centres pr\u00e9sentent plusieurs <strong>avantages<\/strong>. Elles vous offrent ainsi qu\u2019\u00e0 votre candidat un niveau de\u00a0flexibilit\u00e9\u00a0sans pr\u00e9c\u00e9dent. Comme elles peuvent \u00eatre tenues n\u2019importe o\u00f9 et \u00e0 tout moment, vous \u00e9conomisez pas\u00a0mal de temps et d\u2019argent\u00a0qui auraient \u00e9t\u00e9 d\u00e9pens\u00e9s dans les d\u00e9placements. Le candidat, quant \u00e0 lui, peut accomplir les t\u00e2ches pr\u00e9paratoires \u00e0 son propre rythme.<\/p>\n<p style=\"text-align: justify;\">Nous avons investi dans <strong>une plate-forme d\u2019\u00e9valuation<\/strong> de pointe\u00a0s\u00e9curis\u00e9e et familiale. Apr\u00e8s le Remote Assessment, vous et le candidat recevrez un rapport d\u00e9taill\u00e9\u00a0avec notre analyse, nos commentaires et nos recommandations. Ensuite, nous programmons\u00a0un appel t\u00e9l\u00e9phonique\u00a0pour discuter davantage du rapport.<\/p>\n<p style=\"text-align: justify;\">En somme, les Remote Assessment Centres de Focus on Talent sont <strong>la contrepartie virtuelle compl\u00e8te de nos Assessments physiques<\/strong>, pr\u00eats pour un espace de travail mondial et num\u00e9rique. Ils sont g\u00e9r\u00e9s par les m\u00eames assesseurs exp\u00e9riment\u00e9s, qui s\u2019appuient sur des m\u00e9thodes \u00e9prouv\u00e9es, bas\u00e9es sur la recherche scientifique, pour vous fournir un soutien solide pour vos d\u00e9cisions d\u2019embauche.<\/p>\n<p>&nbsp;<\/p>\n<p>[\/et_pb_text][\/et_pb_column][\/et_pb_row][\/et_pb_section][et_pb_section fb_built=&#8221;1&#8243; custom_padding_last_edited=&#8221;on|desktop&#8221; _builder_version=&#8221;3.22&#8243; background_color=&#8221;#eeeded&#8221; custom_padding=&#8221;10px||10px|&#8221; custom_padding_tablet=&#8221;50px|0|50px|0&#8243; custom_padding_phone=&#8221;&#8221; transparent_background=&#8221;off&#8221; padding_mobile=&#8221;off&#8221; make_fullwidth=&#8221;off&#8221; use_custom_width=&#8221;off&#8221; width_unit=&#8221;on&#8221; global_module=&#8221;6167&#8243; global_colors_info=&#8221;{}&#8221;][et_pb_row column_structure=&#8221;2_3,1_3&#8243; padding_mobile=&#8221;off&#8221; column_padding_mobile=&#8221;on&#8221; _builder_version=&#8221;3.25&#8243; background_size=&#8221;initial&#8221; background_position=&#8221;top_left&#8221; background_repeat=&#8221;repeat&#8221; make_fullwidth=&#8221;off&#8221; use_custom_width=&#8221;off&#8221; width_unit=&#8221;off&#8221; custom_width_px=&#8221;1080px&#8221; custom_width_percent=&#8221;80%&#8221; global_colors_info=&#8221;{}&#8221;][et_pb_column type=&#8221;2_3&#8243; _builder_version=&#8221;3.0.47&#8243; custom_padding=&#8221;|||&#8221; global_colors_info=&#8221;{}&#8221; custom_padding__hover=&#8221;|||&#8221;][et_pb_text _builder_version=&#8221;4.9.7&#8243; background_size=&#8221;initial&#8221; background_position=&#8221;top_left&#8221; background_repeat=&#8221;repeat&#8221; use_border_color=&#8221;off&#8221; border_color=&#8221;#ffffff&#8221; border_style=&#8221;solid&#8221; global_colors_info=&#8221;{}&#8221;]<\/p>\n<p><img loading=\"lazy\" decoding=\"async\" class=\"alignnone wp-image-37\" src=\"https:\/\/www.focusontalent.eu\/wp-content\/uploads\/2016\/09\/logo-300x84.png\" alt=\"logo\" width=\"173\" height=\"55\" \/><br \/>Vlieghavenlaan 13<br \/>3140 Keerbergen<\/p>\n<p>[\/et_pb_text][\/et_pb_column][et_pb_column type=&#8221;1_3&#8243; _builder_version=&#8221;3.0.47&#8243; custom_padding=&#8221;|||&#8221; global_colors_info=&#8221;{}&#8221; custom_padding__hover=&#8221;|||&#8221;][et_pb_text _builder_version=&#8221;4.9.7&#8243; _module_preset=&#8221;default&#8221; global_colors_info=&#8221;{}&#8221;]<\/p>\n<p><a href=\"&#x6d;&#x61;&#x69;&#x6c;&#x74;&#x6f;&#x3a;&#105;&#110;&#102;&#111;&#64;focu&#x73;&#x6f;&#x6e;&#x74;&#x61;&#x6c;&#x65;&#x6e;&#116;&#46;&#101;&#117;\">i&#110;&#x66;&#x6f;&#64;&#102;&#x6f;&#x63;u&#115;&#x6f;&#x6e;t&#97;&#x6c;&#x65;n&#116;&#x2e;&#x65;u<br \/><\/a>0032(0) 496 54 49 29<br \/>0032(0) 15 52 70 74<\/p>\n<p>[\/et_pb_text][et_pb_social_media_follow _builder_version=&#8221;4.3.2&#8243; global_colors_info=&#8221;{}&#8221;][et_pb_social_media_follow_network social_network=&#8221;linkedin&#8221; url=&#8221;https:\/\/www.linkedin.com\/company\/focus-on-talent-bvba\/&#8221; _builder_version=&#8221;4.3.2&#8243; background_color=&#8221;#000000&#8243; background_enable_color=&#8221;on&#8221; global_colors_info=&#8221;{}&#8221; follow_button=&#8221;off&#8221; url_new_window=&#8221;on&#8221;]linkedin[\/et_pb_social_media_follow_network][et_pb_social_media_follow_network social_network=&#8221;facebook&#8221; url=&#8221;https:\/\/www.facebook.com\/Focus-on-Talent-580592002113579\/&#8221; _builder_version=&#8221;4.3.2&#8243; background_color=&#8221;#000000&#8243; background_enable_color=&#8221;on&#8221; global_colors_info=&#8221;{}&#8221; follow_button=&#8221;off&#8221; url_new_window=&#8221;on&#8221;]facebook[\/et_pb_social_media_follow_network][\/et_pb_social_media_follow][\/et_pb_column][\/et_pb_row][\/et_pb_section][et_pb_section fb_built=&#8221;1&#8243; custom_padding_last_edited=&#8221;on|desktop&#8221; admin_label=&#8221;Sectie&#8221; _builder_version=&#8221;3.22&#8243; background_color=&#8221;#818386&#8243; custom_padding=&#8221;10px||10px|&#8221; custom_padding_tablet=&#8221;50px|0|50px|0&#8243; custom_padding_phone=&#8221;&#8221; transparent_background=&#8221;off&#8221; padding_mobile=&#8221;off&#8221; make_fullwidth=&#8221;off&#8221; use_custom_width=&#8221;off&#8221; width_unit=&#8221;on&#8221; global_module=&#8221;6168&#8243; global_colors_info=&#8221;{}&#8221;][et_pb_row padding_mobile=&#8221;off&#8221; column_padding_mobile=&#8221;on&#8221; _builder_version=&#8221;3.25&#8243; background_size=&#8221;initial&#8221; background_position=&#8221;top_left&#8221; background_repeat=&#8221;repeat&#8221; custom_padding=&#8221;0px||0px|&#8221; make_fullwidth=&#8221;off&#8221; use_custom_width=&#8221;off&#8221; width_unit=&#8221;on&#8221; custom_width_px=&#8221;1080px&#8221; custom_width_percent=&#8221;80%&#8221; global_colors_info=&#8221;{}&#8221;][et_pb_column type=&#8221;4_4&#8243; _builder_version=&#8221;3.0.47&#8243; custom_padding=&#8221;|||&#8221; global_colors_info=&#8221;{}&#8221; custom_padding__hover=&#8221;|||&#8221;][et_pb_text module_id=&#8221;footernav&#8221; _builder_version=&#8221;3.27.4&#8243; text_font_size=&#8221;13&#8243; header_text_color=&#8221;#008990&#8243; header_font_size=&#8221;24px&#8221; background_size=&#8221;initial&#8221; background_position=&#8221;top_left&#8221; background_repeat=&#8221;repeat&#8221; background_layout=&#8221;dark&#8221; custom_margin=&#8221;0px||0px|&#8221; use_border_color=&#8221;off&#8221; border_color=&#8221;#ffffff&#8221; border_style=&#8221;solid&#8221; global_colors_info=&#8221;{}&#8221;]<\/p>\n<p>\u00a9 Focus on Talent\u00a0\u00a0\u00a0<a href=\"https:\/\/www.focusontalent.eu\/fr\/politique-de-confidentialite\/\">Politique de confidentialit\u00e9<\/a>\u00a0\u00a0 <a href=\"https:\/\/www.focusontalent.eu\/fr\/disclaimer\/\">Disclaimer<\/a> \u00a0\u00a0 <a href=\"https:\/\/www.focusontalent.eu\/fr\/plan-de-site\/\">Plan de site<\/a><\/p>\n<p>[\/et_pb_text][\/et_pb_column][\/et_pb_row][\/et_pb_section]<\/p>\n","protected":false},"excerpt":{"rendered":"<p>Assessment et Development Centres \u2013 Focus on Talent, votre partenaire de d\u00e9cider en toute confiance. Outre la S\u00e9lection et le Recrutement, Focus on Talent s\u2019est sp\u00e9cialis\u00e9 dans les Assessment et Development Centres. Ils forment un compl\u00e9ment pr\u00e9cieux au processus de recherche de cadres. Toutefois, nous les avons organis\u00e9s s\u00e9par\u00e9ment. Les Assessment et Development Centres vous montrent si vous prenez la bonne d\u00e9cision lors d\u2019une proc\u00e9dure de s\u00e9lection ou de promotion.<\/p>\n","protected":false},"author":1,"featured_media":0,"parent":6207,"menu_order":3,"comment_status":"closed","ping_status":"closed","template":"","meta":{"_et_pb_use_builder":"on","_et_pb_old_content":"","_et_gb_content_width":"","footnotes":""},"_links":{"self":[{"href":"https:\/\/www.focusontalent.eu\/fr\/wp-json\/wp\/v2\/pages\/6227"}],"collection":[{"href":"https:\/\/www.focusontalent.eu\/fr\/wp-json\/wp\/v2\/pages"}],"about":[{"href":"https:\/\/www.focusontalent.eu\/fr\/wp-json\/wp\/v2\/types\/page"}],"author":[{"embeddable":true,"href":"https:\/\/www.focusontalent.eu\/fr\/wp-json\/wp\/v2\/users\/1"}],"replies":[{"embeddable":true,"href":"https:\/\/www.focusontalent.eu\/fr\/wp-json\/wp\/v2\/comments?post=6227"}],"version-history":[{"count":18,"href":"https:\/\/www.focusontalent.eu\/fr\/wp-json\/wp\/v2\/pages\/6227\/revisions"}],"predecessor-version":[{"id":31131,"href":"https:\/\/www.focusontalent.eu\/fr\/wp-json\/wp\/v2\/pages\/6227\/revisions\/31131"}],"up":[{"embeddable":true,"href":"https:\/\/www.focusontalent.eu\/fr\/wp-json\/wp\/v2\/pages\/6207"}],"wp:attachment":[{"href":"https:\/\/www.focusontalent.eu\/fr\/wp-json\/wp\/v2\/media?parent=6227"}],"curies":[{"name":"wp","href":"https:\/\/api.w.org\/{rel}","templated":true}]}}