{"id":29057,"date":"2017-05-29T13:40:34","date_gmt":"2017-05-29T11:40:34","guid":{"rendered":"https:\/\/www.focusontalent.eu\/entreprises\/simulaties-op-maat\/"},"modified":"2021-10-15T11:02:27","modified_gmt":"2021-10-15T09:02:27","slug":"simulations-sur-mesure","status":"publish","type":"page","link":"https:\/\/www.focusontalent.eu\/fr\/nos-services\/simulations-sur-mesure\/","title":{"rendered":"Simulations sur mesure"},"content":{"rendered":"<p>[et_pb_section fb_built=&#8221;1&#8243; custom_padding_last_edited=&#8221;on|desktop&#8221; disabled_on=&#8221;off|off|off&#8221; _builder_version=&#8221;4.11.2&#8243; background_color=&#8221;#0a82aa&#8221; background_image=&#8221;https:\/\/www.focusontalent.eu\/wp-content\/uploads\/2021\/10\/Gecomprimeerd-Vincent-van-Gogh-Field-with-Cypresses_The-Metropolitan-Museum-of-Art-scaled.jpg&#8221; background_size=&#8221;initial&#8221; custom_padding=&#8221;0px|0px|0px|0px&#8221; custom_padding_tablet=&#8221;0px|0px||0px&#8221; custom_padding_phone=&#8221;&#8221; hover_enabled=&#8221;0&#8243; custom_css_main_element=&#8221;margin: 0;||padding: 0;&#8221; transparent_background=&#8221;off&#8221; padding_mobile=&#8221;off&#8221; make_fullwidth=&#8221;off&#8221; use_custom_width=&#8221;off&#8221; width_unit=&#8221;on&#8221; custom_width_px=&#8221;1080px&#8221; custom_width_percent=&#8221;80%&#8221; locked=&#8221;off&#8221; global_colors_info=&#8221;{}&#8221; alt=&#8221;Recruitment &#8211; Assessment &#038; Development Centres &#8211; Life Sciences &#038; Health Care&#8221; title_text=&#8221;Gecomprimeerd &#8211; Vincent van Gogh, Field with Cypresses_The Metropolitan Museum of Art&#8221; sticky_enabled=&#8221;0&#8243;][et_pb_row column_structure=&#8221;3_5,2_5&#8243; padding_mobile=&#8221;on&#8221; make_equal=&#8221;on&#8221; column_padding_mobile=&#8221;off&#8221; _builder_version=&#8221;4.9.10&#8243; background_enable_image=&#8221;off&#8221; parallax=&#8221;on&#8221; width=&#8221;100%&#8221; custom_padding=&#8221;0px|0px|0px|0px&#8221; custom_css_main_element=&#8221;background-repeat: no-repeat;||border-left: 8px solid#fff;||padding: 0px;||&#8221; make_fullwidth=&#8221;off&#8221; use_custom_width=&#8221;off&#8221; width_unit=&#8221;on&#8221; custom_width_px=&#8221;1080px&#8221; custom_width_percent=&#8221;80%&#8221; global_colors_info=&#8221;{}&#8221;][et_pb_column type=&#8221;3_5&#8243; _builder_version=&#8221;3.0.47&#8243; custom_padding=&#8221;|||&#8221; global_colors_info=&#8221;{}&#8221; custom_padding__hover=&#8221;|||&#8221;][et_pb_text _builder_version=&#8221;4.9.11&#8243; background_color=&#8221;RGBA(0,0,0,0)&#8221; use_background_color_gradient=&#8221;on&#8221; background_color_gradient_start=&#8221;#0a82aa&#8221; background_color_gradient_end=&#8221;#0dade2&#8243; background_color_gradient_type=&#8221;radial&#8221; background_color_gradient_direction_radial=&#8221;top left&#8221; background_color_gradient_overlays_image=&#8221;on&#8221; background_size=&#8221;initial&#8221; background_position=&#8221;top_left&#8221; background_repeat=&#8221;repeat&#8221; background_layout=&#8221;dark&#8221; module_alignment=&#8221;left&#8221; custom_padding=&#8221;50px|60px||60px|false|true&#8221; custom_padding_tablet=&#8221;30px|0px|0px|60px&#8221; custom_padding_phone=&#8221;30px|0px|0px|50px|false|false&#8221; custom_padding_last_edited=&#8221;on|desktop&#8221; border_color_all=&#8221;RGBA(0,0,0,0)&#8221; border_style_all=&#8221;none&#8221; use_border_color=&#8221;off&#8221; border_style=&#8221;solid&#8221; global_colors_info=&#8221;{}&#8221;]<\/p>\n<p><em><strong>&#8220;<\/strong><\/em><strong><span class=\"s1\"><i>Focus on talent practices that very rare attribute that is critical in bringing new talent on board; they actually listen to what their customers are looking for. This results in people matching the requirements,\u00a0they stay and are successful.<\/i><\/span><\/strong><em><strong>&#8220;<\/strong><br \/><\/em><\/p>\n<p><strong>\u2013\u00a0<\/strong><strong><span class=\"s1\">Director Global Strategic Marketing,<br \/>Medical Devices <\/span><\/strong><strong>\u2013<\/strong><\/p>\n<p>&nbsp;<\/p>\n<p>[\/et_pb_text][\/et_pb_column][et_pb_column type=&#8221;2_5&#8243; _builder_version=&#8221;3.0.47&#8243; custom_padding=&#8221;|||&#8221; global_colors_info=&#8221;{}&#8221; custom_padding__hover=&#8221;|||&#8221;][\/et_pb_column][\/et_pb_row][\/et_pb_section][et_pb_section fb_built=&#8221;1&#8243; admin_label=&#8221;section&#8221; _builder_version=&#8221;3.22&#8243; custom_padding=&#8221;0px||0px|&#8221; custom_padding_tablet=&#8221;0px||0px|&#8221; transparent_background=&#8221;off&#8221; padding_mobile=&#8221;on&#8221; make_fullwidth=&#8221;off&#8221; use_custom_width=&#8221;off&#8221; width_unit=&#8221;on&#8221; custom_width_px=&#8221;1080px&#8221; custom_width_percent=&#8221;80%&#8221; global_colors_info=&#8221;{}&#8221;][et_pb_row use_custom_gutter=&#8221;on&#8221; gutter_width=&#8221;1&#8243; column_padding_mobile=&#8221;on&#8221; custom_padding_last_edited=&#8221;on|phone&#8221; admin_label=&#8221;row&#8221; _builder_version=&#8221;3.25&#8243; background_size=&#8221;initial&#8221; background_position=&#8221;top_left&#8221; background_repeat=&#8221;repeat&#8221; custom_padding=&#8221;40px|150px|30px|150px&#8221; custom_padding_tablet=&#8221;40px|70px|30px|700px&#8221; custom_padding_phone=&#8221;40px|0px|30px|0px&#8221; global_colors_info=&#8221;{}&#8221;][et_pb_column type=&#8221;4_4&#8243; _builder_version=&#8221;3.25&#8243; custom_padding=&#8221;|||&#8221; global_colors_info=&#8221;{}&#8221; custom_padding__hover=&#8221;|||&#8221;][et_pb_text _builder_version=&#8221;4.9.10&#8243; background_size=&#8221;initial&#8221; background_position=&#8221;top_left&#8221; background_repeat=&#8221;repeat&#8221; text_orientation=&#8221;center&#8221; module_alignment=&#8221;center&#8221; use_border_color=&#8221;off&#8221; border_color=&#8221;#ffffff&#8221; border_style=&#8221;solid&#8221; global_colors_info=&#8221;{}&#8221;]<\/p>\n<h1 style=\"text-align: center;\"><strong>\u00c9tudes de Cas, Simulations et Jeux de R\u00f4le<\/strong> \u2013<br \/>Votre soutien pour l&#8217;Assessment et le D\u00e9veloppement<\/h1>\n<p>[\/et_pb_text][\/et_pb_column][\/et_pb_row][et_pb_row padding_mobile=&#8221;off&#8221; column_padding_mobile=&#8221;on&#8221; admin_label=&#8221;row&#8221; _builder_version=&#8221;3.25&#8243; background_size=&#8221;initial&#8221; background_position=&#8221;top_left&#8221; background_repeat=&#8221;repeat&#8221; custom_padding=&#8221;10px||0px|&#8221; custom_padding_tablet=&#8221;0px||0px|&#8221; make_fullwidth=&#8221;off&#8221; use_custom_width=&#8221;off&#8221; width_unit=&#8221;on&#8221; custom_width_px=&#8221;1080px&#8221; custom_width_percent=&#8221;80%&#8221; global_colors_info=&#8221;{}&#8221;][et_pb_column type=&#8221;4_4&#8243; _builder_version=&#8221;3.25&#8243; custom_padding=&#8221;|||&#8221; global_colors_info=&#8221;{}&#8221; custom_padding__hover=&#8221;|||&#8221;][et_pb_divider show_divider=&#8221;off&#8221; disabled_on=&#8221;off&#8221; _builder_version=&#8221;4.9.10&#8243; height=&#8221;2px&#8221; custom_css_main_element=&#8221;max-width: 70px;||margin: 0 auto;||width: 50%;||padding:0;&#8221; hide_on_mobile=&#8221;off&#8221; global_colors_info=&#8221;{}&#8221;][\/et_pb_divider][\/et_pb_column][\/et_pb_row][et_pb_row use_custom_gutter=&#8221;on&#8221; gutter_width=&#8221;1&#8243; padding_mobile=&#8221;on&#8221; column_padding_mobile=&#8221;on&#8221; admin_label=&#8221;row&#8221; _builder_version=&#8221;3.25&#8243; background_size=&#8221;initial&#8221; background_position=&#8221;top_left&#8221; background_repeat=&#8221;repeat&#8221; custom_padding=&#8221;0px||30px|&#8221; custom_padding_tablet=&#8221;0px||0px|&#8221; custom_padding_phone=&#8221;0px||0px|&#8221; make_fullwidth=&#8221;off&#8221; use_custom_width=&#8221;off&#8221; width_unit=&#8221;on&#8221; custom_width_px=&#8221;1080px&#8221; custom_width_percent=&#8221;80%&#8221; global_colors_info=&#8221;{}&#8221;][et_pb_column type=&#8221;4_4&#8243; _builder_version=&#8221;3.25&#8243; custom_padding=&#8221;|||&#8221; global_colors_info=&#8221;{}&#8221; custom_padding__hover=&#8221;|||&#8221;][et_pb_text _builder_version=&#8221;4.9.10&#8243; background_size=&#8221;initial&#8221; background_position=&#8221;top_left&#8221; background_repeat=&#8221;repeat&#8221; module_alignment=&#8221;left&#8221; custom_margin=&#8221;40px||40px|&#8221; custom_margin_tablet=&#8221;0px||40px|&#8221; custom_margin_phone=&#8221;&#8221; custom_margin_last_edited=&#8221;on|tablet&#8221; use_border_color=&#8221;off&#8221; border_color=&#8221;#ffffff&#8221; border_style=&#8221;solid&#8221; global_colors_info=&#8221;{}&#8221;]<\/p>\n<h2><strong>Pr\u00e9f\u00e9rez-vous d&#8217;\u00c9valuer vos candidats ou employ\u00e9s vous-m\u00eame?<\/strong><\/h2>\n<p style=\"text-align: justify;\">Focus on Talent <strong>d\u00e9veloppe des \u00c9tudes de Cas, des Simulations et des Jeux de R\u00f4le,<\/strong> qui seront utilis\u00e9s <strong>lors des <a href=\"https:\/\/www.focusontalent.eu\/fr\/nos-services\/assessment-et-development-centres\/\">Assessment et Development Centres<\/a><\/strong>. Ces exercises peuvent \u00eatre organis\u00e9s <strong>en anglais, en n\u00e9erlandais et en fran\u00e7ais<\/strong>.<\/p>\n<p style=\"text-align: justify;\">Les exercices sont <strong>originaux, adapt\u00e9s au contexte de votre entreprise<\/strong> ainsi qu\u2019\u00e0 la culture de votre organisation. En effet, des \u00e9tudes d\u00e9montrent que la validit\u00e9 pr\u00e9dictive des exercices utilis\u00e9s dans le cadre d\u2019Assessment Centres augmente dans la mesure o\u00f9 ceux-ci se rapprochent le plus possible de la r\u00e9alit\u00e9 du poste \u00e0 pourvoir et du lieu de travail. Plus la Simulation sera r\u00e9aliste, plus le comportement du candidat sera authentique et plus les conseils de l\u2019Assessment Centre seront pertinents.<\/p>\n<p>&nbsp;<\/p>\n<p style=\"text-align: justify;\">\n<h2><strong>\u00c9tudes de Cas, Simulations et Jeux de R\u00f4le adapt\u00e9s \u00e0 votre organisation<\/strong><\/h2>\n<p style=\"text-align: justify;\">Pour \u00e9laborer ces exercices, nous discutons ensemble de <strong>ce qui est typique de votre entreprise<\/strong>, nous identifions les <strong>comp\u00e9tences comportementales<\/strong> g\u00e9n\u00e9riques de votre organisation ainsi que les comp\u00e9tences comportementales sp\u00e9cifiques attendues pour chacune des fonctions pour lesquelles les assessment centers seront utilis\u00e9s. Nous d\u00e9terminons ensuite la mani\u00e8re dont elles seront mesur\u00e9es. Lors de la construction des exercices, nous mettons en sc\u00e8ne les \u00ab incidents critiques \u00bb sp\u00e9cifiques d\u2019une fonction ou d\u2019un niveau de fonction. C\u2019est ce qui nous permet de cr\u00e9er des Situations \u00ab sur mesures \u00bb qui seront utilis\u00e9es <strong>exclusivement dans votre organisation<\/strong>.<\/p>\n<p style=\"text-align: justify;\">Selon les dimensions que vous souhaitez mesurer, il existe <strong>diff\u00e9rents types de Simulations<\/strong>, comprenant des Exercices d\u2019Analyse et de Pr\u00e9sentation, des Bacs \u00e0 Courrier, des Entretiens de N\u00e9gociation, des Entretiens d\u2019\u00c9valuation ou de Remotivation du Personnel, des Discussions de Groupe, etc.<\/p>\n<p>[\/et_pb_text][\/et_pb_column][\/et_pb_row][\/et_pb_section][et_pb_section fb_built=&#8221;1&#8243; custom_padding_last_edited=&#8221;on|desktop&#8221; _builder_version=&#8221;3.22&#8243; background_color=&#8221;#eeeded&#8221; custom_padding=&#8221;10px||10px|&#8221; custom_padding_tablet=&#8221;50px|0|50px|0&#8243; custom_padding_phone=&#8221;&#8221; transparent_background=&#8221;off&#8221; padding_mobile=&#8221;off&#8221; make_fullwidth=&#8221;off&#8221; use_custom_width=&#8221;off&#8221; width_unit=&#8221;on&#8221; global_module=&#8221;6167&#8243; global_colors_info=&#8221;{}&#8221;][et_pb_row column_structure=&#8221;2_3,1_3&#8243; padding_mobile=&#8221;off&#8221; column_padding_mobile=&#8221;on&#8221; _builder_version=&#8221;3.25&#8243; background_size=&#8221;initial&#8221; background_position=&#8221;top_left&#8221; background_repeat=&#8221;repeat&#8221; make_fullwidth=&#8221;off&#8221; use_custom_width=&#8221;off&#8221; width_unit=&#8221;off&#8221; custom_width_px=&#8221;1080px&#8221; custom_width_percent=&#8221;80%&#8221; global_colors_info=&#8221;{}&#8221;][et_pb_column type=&#8221;2_3&#8243; _builder_version=&#8221;3.0.47&#8243; custom_padding=&#8221;|||&#8221; global_colors_info=&#8221;{}&#8221; custom_padding__hover=&#8221;|||&#8221;][et_pb_text _builder_version=&#8221;4.9.7&#8243; background_size=&#8221;initial&#8221; background_position=&#8221;top_left&#8221; background_repeat=&#8221;repeat&#8221; use_border_color=&#8221;off&#8221; border_color=&#8221;#ffffff&#8221; border_style=&#8221;solid&#8221; global_colors_info=&#8221;{}&#8221;]<\/p>\n<p><img loading=\"lazy\" decoding=\"async\" class=\"alignnone wp-image-37\" src=\"https:\/\/www.focusontalent.eu\/wp-content\/uploads\/2016\/09\/logo-300x84.png\" alt=\"logo\" width=\"173\" height=\"55\" \/><br \/>Vlieghavenlaan 13<br \/>3140 Keerbergen<\/p>\n<p>[\/et_pb_text][\/et_pb_column][et_pb_column type=&#8221;1_3&#8243; _builder_version=&#8221;3.0.47&#8243; custom_padding=&#8221;|||&#8221; global_colors_info=&#8221;{}&#8221; custom_padding__hover=&#8221;|||&#8221;][et_pb_text _builder_version=&#8221;4.9.7&#8243; _module_preset=&#8221;default&#8221; global_colors_info=&#8221;{}&#8221;]<\/p>\n<p><a href=\"&#x6d;&#97;i&#x6c;&#116;&#111;&#x3a;&#x69;&#110;f&#x6f;&#64;f&#x6f;&#x63;&#117;s&#x6f;&#110;t&#x61;&#x6c;&#101;n&#x74;&#46;e&#x75;\">&#x69;&#x6e;&#102;o&#x40;&#x66;&#111;&#99;u&#x73;&#x6f;&#110;&#116;a&#x6c;&#x65;&#110;t&#46;&#x65;&#x75;<br \/><\/a>0032(0) 496 54 49 29<br \/>0032(0) 15 52 70 74<\/p>\n<p>[\/et_pb_text][et_pb_social_media_follow _builder_version=&#8221;4.3.2&#8243; global_colors_info=&#8221;{}&#8221;][et_pb_social_media_follow_network social_network=&#8221;linkedin&#8221; url=&#8221;https:\/\/www.linkedin.com\/company\/focus-on-talent-bvba\/&#8221; _builder_version=&#8221;4.3.2&#8243; background_color=&#8221;#000000&#8243; background_enable_color=&#8221;on&#8221; global_colors_info=&#8221;{}&#8221; follow_button=&#8221;off&#8221; url_new_window=&#8221;on&#8221;]linkedin[\/et_pb_social_media_follow_network][et_pb_social_media_follow_network social_network=&#8221;facebook&#8221; url=&#8221;https:\/\/www.facebook.com\/Focus-on-Talent-580592002113579\/&#8221; _builder_version=&#8221;4.3.2&#8243; background_color=&#8221;#000000&#8243; background_enable_color=&#8221;on&#8221; global_colors_info=&#8221;{}&#8221; follow_button=&#8221;off&#8221; url_new_window=&#8221;on&#8221;]facebook[\/et_pb_social_media_follow_network][\/et_pb_social_media_follow][\/et_pb_column][\/et_pb_row][\/et_pb_section][et_pb_section fb_built=&#8221;1&#8243; custom_padding_last_edited=&#8221;on|desktop&#8221; admin_label=&#8221;Sectie&#8221; _builder_version=&#8221;3.22&#8243; background_color=&#8221;#818386&#8243; custom_padding=&#8221;10px||10px|&#8221; custom_padding_tablet=&#8221;50px|0|50px|0&#8243; custom_padding_phone=&#8221;&#8221; transparent_background=&#8221;off&#8221; padding_mobile=&#8221;off&#8221; make_fullwidth=&#8221;off&#8221; use_custom_width=&#8221;off&#8221; width_unit=&#8221;on&#8221; global_module=&#8221;6168&#8243; global_colors_info=&#8221;{}&#8221;][et_pb_row padding_mobile=&#8221;off&#8221; column_padding_mobile=&#8221;on&#8221; _builder_version=&#8221;3.25&#8243; background_size=&#8221;initial&#8221; background_position=&#8221;top_left&#8221; background_repeat=&#8221;repeat&#8221; custom_padding=&#8221;0px||0px|&#8221; make_fullwidth=&#8221;off&#8221; use_custom_width=&#8221;off&#8221; width_unit=&#8221;on&#8221; custom_width_px=&#8221;1080px&#8221; custom_width_percent=&#8221;80%&#8221; global_colors_info=&#8221;{}&#8221;][et_pb_column type=&#8221;4_4&#8243; _builder_version=&#8221;3.0.47&#8243; custom_padding=&#8221;|||&#8221; global_colors_info=&#8221;{}&#8221; custom_padding__hover=&#8221;|||&#8221;][et_pb_text module_id=&#8221;footernav&#8221; _builder_version=&#8221;3.27.4&#8243; text_font_size=&#8221;13&#8243; header_text_color=&#8221;#008990&#8243; header_font_size=&#8221;24px&#8221; background_size=&#8221;initial&#8221; background_position=&#8221;top_left&#8221; background_repeat=&#8221;repeat&#8221; background_layout=&#8221;dark&#8221; custom_margin=&#8221;0px||0px|&#8221; use_border_color=&#8221;off&#8221; border_color=&#8221;#ffffff&#8221; border_style=&#8221;solid&#8221; global_colors_info=&#8221;{}&#8221;]<\/p>\n<p>\u00a9 Focus on Talent\u00a0\u00a0\u00a0<a href=\"https:\/\/www.focusontalent.eu\/fr\/politique-de-confidentialite\/\">Politique de confidentialit\u00e9<\/a>\u00a0\u00a0 <a href=\"https:\/\/www.focusontalent.eu\/fr\/disclaimer\/\">Disclaimer<\/a> \u00a0\u00a0 <a href=\"https:\/\/www.focusontalent.eu\/fr\/plan-de-site\/\">Plan de site<\/a><\/p>\n<p>[\/et_pb_text][\/et_pb_column][\/et_pb_row][\/et_pb_section]<\/p>\n","protected":false},"excerpt":{"rendered":"<p>\u00c9tudes de Cas, Simulations et Jeux de R\u00f4le \u2013 Focus on Talent, votre soutien pour l\u2019Assessment et le D\u00e9veloppement. Focus on Talent d\u00e9veloppe des \u00c9tudes de Cas, des Simulations et des Jeux de R\u00f4le, qui seront utilis\u00e9s lors des Assessment et Development Centres. Les exercices sont originaux, adapt\u00e9s au contexte de votre entreprise ainsi qu\u2019\u00e0 la culture de votre organisation. Les exercises peuvent \u00eatre organis\u00e9s en anglais, en n\u00e9erlandais et en fran\u00e7ais.<\/p>\n","protected":false},"author":1,"featured_media":0,"parent":6207,"menu_order":4,"comment_status":"closed","ping_status":"closed","template":"","meta":{"_et_pb_use_builder":"on","_et_pb_old_content":"","_et_gb_content_width":"","footnotes":""},"_links":{"self":[{"href":"https:\/\/www.focusontalent.eu\/fr\/wp-json\/wp\/v2\/pages\/29057"}],"collection":[{"href":"https:\/\/www.focusontalent.eu\/fr\/wp-json\/wp\/v2\/pages"}],"about":[{"href":"https:\/\/www.focusontalent.eu\/fr\/wp-json\/wp\/v2\/types\/page"}],"author":[{"embeddable":true,"href":"https:\/\/www.focusontalent.eu\/fr\/wp-json\/wp\/v2\/users\/1"}],"replies":[{"embeddable":true,"href":"https:\/\/www.focusontalent.eu\/fr\/wp-json\/wp\/v2\/comments?post=29057"}],"version-history":[{"count":14,"href":"https:\/\/www.focusontalent.eu\/fr\/wp-json\/wp\/v2\/pages\/29057\/revisions"}],"predecessor-version":[{"id":31139,"href":"https:\/\/www.focusontalent.eu\/fr\/wp-json\/wp\/v2\/pages\/29057\/revisions\/31139"}],"up":[{"embeddable":true,"href":"https:\/\/www.focusontalent.eu\/fr\/wp-json\/wp\/v2\/pages\/6207"}],"wp:attachment":[{"href":"https:\/\/www.focusontalent.eu\/fr\/wp-json\/wp\/v2\/media?parent=29057"}],"curies":[{"name":"wp","href":"https:\/\/api.w.org\/{rel}","templated":true}]}}